{"id":445,"date":"2024-05-07T17:03:19","date_gmt":"2024-05-07T22:03:19","guid":{"rendered":"https:\/\/europaimportaciones.com.co\/?post_type=product&#038;p=445"},"modified":"2024-05-07T17:03:19","modified_gmt":"2024-05-07T22:03:19","slug":"colchon-ortopedico","status":"publish","type":"product","link":"https:\/\/europaimportaciones.com.co\/index.php\/producto\/colchon-ortopedico\/","title":{"rendered":"Colch\u00f3n Ortopedico"},"content":{"rendered":"<p><span data-sheets-root=\"1\" data-sheets-value=\"{&quot;1&quot;:2,&quot;2&quot;:&quot;140x190, Colch\u00f3n ortop\u00e9dico m\u00e1s base cama m\u00e1s espaldar \u00e1rabe&quot;}\" data-sheets-userformat=\"{&quot;2&quot;:12675,&quot;3&quot;:{&quot;1&quot;:0},&quot;4&quot;:{&quot;1&quot;:2,&quot;2&quot;:16777215},&quot;10&quot;:2,&quot;11&quot;:0,&quot;15&quot;:&quot;Arial&quot;,&quot;16&quot;:9}\">140&#215;190,<\/span><\/p>\n<p><span data-sheets-root=\"1\" data-sheets-value=\"{&quot;1&quot;:2,&quot;2&quot;:&quot;140x190, Colch\u00f3n ortop\u00e9dico m\u00e1s base cama m\u00e1s espaldar \u00e1rabe&quot;}\" data-sheets-userformat=\"{&quot;2&quot;:12675,&quot;3&quot;:{&quot;1&quot;:0},&quot;4&quot;:{&quot;1&quot;:2,&quot;2&quot;:16777215},&quot;10&quot;:2,&quot;11&quot;:0,&quot;15&quot;:&quot;Arial&quot;,&quot;16&quot;:9}\">Colch\u00f3n ortop\u00e9dico m\u00e1s base cama m\u00e1s espaldar \u00e1rabe<\/span><\/p>\n","protected":false},"excerpt":{"rendered":"<p>140&#215;190, Colch\u00f3n ortop\u00e9dico m\u00e1s base cama m\u00e1s espaldar \u00e1rabe<\/p>\n","protected":false},"featured_media":0,"comment_status":"open","ping_status":"closed","template":"","meta":[],"product_cat":[17],"product_tag":[19],"jetpack_sharing_enabled":true,"_links":{"self":[{"href":"https:\/\/europaimportaciones.com.co\/index.php\/wp-json\/wp\/v2\/product\/445"}],"collection":[{"href":"https:\/\/europaimportaciones.com.co\/index.php\/wp-json\/wp\/v2\/product"}],"about":[{"href":"https:\/\/europaimportaciones.com.co\/index.php\/wp-json\/wp\/v2\/types\/product"}],"replies":[{"embeddable":true,"href":"https:\/\/europaimportaciones.com.co\/index.php\/wp-json\/wp\/v2\/comments?post=445"}],"wp:attachment":[{"href":"https:\/\/europaimportaciones.com.co\/index.php\/wp-json\/wp\/v2\/media?parent=445"}],"wp:term":[{"taxonomy":"product_cat","embeddable":true,"href":"https:\/\/europaimportaciones.com.co\/index.php\/wp-json\/wp\/v2\/product_cat?post=445"},{"taxonomy":"product_tag","embeddable":true,"href":"https:\/\/europaimportaciones.com.co\/index.php\/wp-json\/wp\/v2\/product_tag?post=445"}],"curies":[{"name":"wp","href":"https:\/\/api.w.org\/{rel}","templated":true}]}}