{"id":441,"date":"2024-05-07T17:12:22","date_gmt":"2024-05-07T22:12:22","guid":{"rendered":"https:\/\/europaimportaciones.com.co\/?post_type=product&#038;p=441"},"modified":"2024-05-07T17:12:22","modified_gmt":"2024-05-07T22:12:22","slug":"base-cajones","status":"publish","type":"product","link":"https:\/\/europaimportaciones.com.co\/index.php\/producto\/base-cajones\/","title":{"rendered":"Base cajones"},"content":{"rendered":"<p class=\"lead text-justify my-3\">Base cajones m\u00e1s colch\u00f3n ortop\u00e9dico<\/p>\n<p class=\"lead my-3\">Observaciones: Base cajones m\u00e1s colch\u00f3n primavera m\u00e1s espaldar 140&#215;190<\/p>\n","protected":false},"excerpt":{"rendered":"<p>Base cajones m\u00e1s colch\u00f3n ortop\u00e9dico Observaciones: Base cajones m\u00e1s colch\u00f3n primavera m\u00e1s espaldar 140&#215;190<\/p>\n","protected":false},"featured_media":442,"comment_status":"open","ping_status":"closed","template":"","meta":[],"product_cat":[18],"product_tag":[28],"jetpack_sharing_enabled":true,"_links":{"self":[{"href":"https:\/\/europaimportaciones.com.co\/index.php\/wp-json\/wp\/v2\/product\/441"}],"collection":[{"href":"https:\/\/europaimportaciones.com.co\/index.php\/wp-json\/wp\/v2\/product"}],"about":[{"href":"https:\/\/europaimportaciones.com.co\/index.php\/wp-json\/wp\/v2\/types\/product"}],"replies":[{"embeddable":true,"href":"https:\/\/europaimportaciones.com.co\/index.php\/wp-json\/wp\/v2\/comments?post=441"}],"wp:featuredmedia":[{"embeddable":true,"href":"https:\/\/europaimportaciones.com.co\/index.php\/wp-json\/wp\/v2\/media\/442"}],"wp:attachment":[{"href":"https:\/\/europaimportaciones.com.co\/index.php\/wp-json\/wp\/v2\/media?parent=441"}],"wp:term":[{"taxonomy":"product_cat","embeddable":true,"href":"https:\/\/europaimportaciones.com.co\/index.php\/wp-json\/wp\/v2\/product_cat?post=441"},{"taxonomy":"product_tag","embeddable":true,"href":"https:\/\/europaimportaciones.com.co\/index.php\/wp-json\/wp\/v2\/product_tag?post=441"}],"curies":[{"name":"wp","href":"https:\/\/api.w.org\/{rel}","templated":true}]}}