{"id":432,"date":"2024-05-07T17:11:16","date_gmt":"2024-05-07T22:11:16","guid":{"rendered":"https:\/\/europaimportaciones.com.co\/?post_type=product&#038;p=432"},"modified":"2024-05-07T17:11:16","modified_gmt":"2024-05-07T22:11:16","slug":"basecama-y-espaldar-lineal-y-primavera-doble","status":"publish","type":"product","link":"https:\/\/europaimportaciones.com.co\/index.php\/producto\/basecama-y-espaldar-lineal-y-primavera-doble\/","title":{"rendered":"Basecama y espaldar lineal y primavera doble"},"content":{"rendered":"<p class=\"lead text-justify my-3\">Cama doble<\/p>\n<p class=\"lead my-3\">Observaciones: Espaldar lineal bas\u00e9 cama y colch\u00f3n primavera cama doble para cr\u00e9dito $ 4100 000 pagalo a 25 cuotas mensuales de $164000<\/p>\n","protected":false},"excerpt":{"rendered":"<p>Cama doble Observaciones: Espaldar lineal bas\u00e9 cama y colch\u00f3n primavera cama doble para cr\u00e9dito $ 4100 000 pagalo a 25 cuotas mensuales de $164000<\/p>\n","protected":false},"featured_media":434,"comment_status":"open","ping_status":"closed","template":"","meta":[],"product_cat":[18],"product_tag":[28],"jetpack_sharing_enabled":true,"_links":{"self":[{"href":"https:\/\/europaimportaciones.com.co\/index.php\/wp-json\/wp\/v2\/product\/432"}],"collection":[{"href":"https:\/\/europaimportaciones.com.co\/index.php\/wp-json\/wp\/v2\/product"}],"about":[{"href":"https:\/\/europaimportaciones.com.co\/index.php\/wp-json\/wp\/v2\/types\/product"}],"replies":[{"embeddable":true,"href":"https:\/\/europaimportaciones.com.co\/index.php\/wp-json\/wp\/v2\/comments?post=432"}],"wp:featuredmedia":[{"embeddable":true,"href":"https:\/\/europaimportaciones.com.co\/index.php\/wp-json\/wp\/v2\/media\/434"}],"wp:attachment":[{"href":"https:\/\/europaimportaciones.com.co\/index.php\/wp-json\/wp\/v2\/media?parent=432"}],"wp:term":[{"taxonomy":"product_cat","embeddable":true,"href":"https:\/\/europaimportaciones.com.co\/index.php\/wp-json\/wp\/v2\/product_cat?post=432"},{"taxonomy":"product_tag","embeddable":true,"href":"https:\/\/europaimportaciones.com.co\/index.php\/wp-json\/wp\/v2\/product_tag?post=432"}],"curies":[{"name":"wp","href":"https:\/\/api.w.org\/{rel}","templated":true}]}}