{"id":427,"date":"2024-05-07T17:10:31","date_gmt":"2024-05-07T22:10:31","guid":{"rendered":"https:\/\/europaimportaciones.com.co\/?post_type=product&#038;p=427"},"modified":"2024-05-07T17:10:31","modified_gmt":"2024-05-07T22:10:31","slug":"colchon-14","status":"publish","type":"product","link":"https:\/\/europaimportaciones.com.co\/index.php\/producto\/colchon-14\/","title":{"rendered":"Colchon 14"},"content":{"rendered":"<p class=\"lead text-justify my-3\">Cr\u00e9dito personal<\/p>\n<p class=\"lead my-3\">Observaciones: Colch\u00f3n ortopedico 140&#215;190 garant\u00eda 6 a\u00f1os<\/p>\n","protected":false},"excerpt":{"rendered":"<p>Cr\u00e9dito personal Observaciones: Colch\u00f3n ortopedico 140&#215;190 garant\u00eda 6 a\u00f1os<\/p>\n","protected":false},"featured_media":343,"comment_status":"open","ping_status":"closed","template":"","meta":[],"product_cat":[17],"product_tag":[19],"jetpack_sharing_enabled":true,"_links":{"self":[{"href":"https:\/\/europaimportaciones.com.co\/index.php\/wp-json\/wp\/v2\/product\/427"}],"collection":[{"href":"https:\/\/europaimportaciones.com.co\/index.php\/wp-json\/wp\/v2\/product"}],"about":[{"href":"https:\/\/europaimportaciones.com.co\/index.php\/wp-json\/wp\/v2\/types\/product"}],"replies":[{"embeddable":true,"href":"https:\/\/europaimportaciones.com.co\/index.php\/wp-json\/wp\/v2\/comments?post=427"}],"wp:featuredmedia":[{"embeddable":true,"href":"https:\/\/europaimportaciones.com.co\/index.php\/wp-json\/wp\/v2\/media\/343"}],"wp:attachment":[{"href":"https:\/\/europaimportaciones.com.co\/index.php\/wp-json\/wp\/v2\/media?parent=427"}],"wp:term":[{"taxonomy":"product_cat","embeddable":true,"href":"https:\/\/europaimportaciones.com.co\/index.php\/wp-json\/wp\/v2\/product_cat?post=427"},{"taxonomy":"product_tag","embeddable":true,"href":"https:\/\/europaimportaciones.com.co\/index.php\/wp-json\/wp\/v2\/product_tag?post=427"}],"curies":[{"name":"wp","href":"https:\/\/api.w.org\/{rel}","templated":true}]}}