{"id":424,"date":"2024-05-07T17:10:02","date_gmt":"2024-05-07T22:10:02","guid":{"rendered":"https:\/\/europaimportaciones.com.co\/?post_type=product&#038;p=424"},"modified":"2024-05-07T17:10:02","modified_gmt":"2024-05-07T22:10:02","slug":"colchon-13","status":"publish","type":"product","link":"https:\/\/europaimportaciones.com.co\/index.php\/producto\/colchon-13\/","title":{"rendered":"Colch\u00f3n 13"},"content":{"rendered":"<p><span data-sheets-root=\"1\" data-sheets-value=\"{&quot;1&quot;:2,&quot;2&quot;:&quot;CR\u00c9DITO PERSONAL, Colch\u00f3n confort 140x190 garant\u00eda 6 a\u00f1os&quot;}\" data-sheets-userformat=\"{&quot;2&quot;:12931,&quot;3&quot;:{&quot;1&quot;:0},&quot;4&quot;:{&quot;1&quot;:2,&quot;2&quot;:16777215},&quot;10&quot;:2,&quot;12&quot;:0,&quot;15&quot;:&quot;Arial&quot;,&quot;16&quot;:9}\">CR\u00c9DITO PERSONAL,<\/span><\/p>\n<p><span data-sheets-root=\"1\" data-sheets-value=\"{&quot;1&quot;:2,&quot;2&quot;:&quot;CR\u00c9DITO PERSONAL, Colch\u00f3n confort 140x190 garant\u00eda 6 a\u00f1os&quot;}\" data-sheets-userformat=\"{&quot;2&quot;:12931,&quot;3&quot;:{&quot;1&quot;:0},&quot;4&quot;:{&quot;1&quot;:2,&quot;2&quot;:16777215},&quot;10&quot;:2,&quot;12&quot;:0,&quot;15&quot;:&quot;Arial&quot;,&quot;16&quot;:9}\">Colch\u00f3n confort 140&#215;190 garant\u00eda 6 a\u00f1os<\/span><\/p>\n","protected":false},"excerpt":{"rendered":"<p>CR\u00c9DITO PERSONAL, Colch\u00f3n confort 140&#215;190 garant\u00eda 6 a\u00f1os<\/p>\n","protected":false},"featured_media":338,"comment_status":"open","ping_status":"closed","template":"","meta":[],"product_cat":[17],"product_tag":[19],"jetpack_sharing_enabled":true,"_links":{"self":[{"href":"https:\/\/europaimportaciones.com.co\/index.php\/wp-json\/wp\/v2\/product\/424"}],"collection":[{"href":"https:\/\/europaimportaciones.com.co\/index.php\/wp-json\/wp\/v2\/product"}],"about":[{"href":"https:\/\/europaimportaciones.com.co\/index.php\/wp-json\/wp\/v2\/types\/product"}],"replies":[{"embeddable":true,"href":"https:\/\/europaimportaciones.com.co\/index.php\/wp-json\/wp\/v2\/comments?post=424"}],"wp:featuredmedia":[{"embeddable":true,"href":"https:\/\/europaimportaciones.com.co\/index.php\/wp-json\/wp\/v2\/media\/338"}],"wp:attachment":[{"href":"https:\/\/europaimportaciones.com.co\/index.php\/wp-json\/wp\/v2\/media?parent=424"}],"wp:term":[{"taxonomy":"product_cat","embeddable":true,"href":"https:\/\/europaimportaciones.com.co\/index.php\/wp-json\/wp\/v2\/product_cat?post=424"},{"taxonomy":"product_tag","embeddable":true,"href":"https:\/\/europaimportaciones.com.co\/index.php\/wp-json\/wp\/v2\/product_tag?post=424"}],"curies":[{"name":"wp","href":"https:\/\/api.w.org\/{rel}","templated":true}]}}