{"id":423,"date":"2024-05-07T17:09:40","date_gmt":"2024-05-07T22:09:40","guid":{"rendered":"https:\/\/europaimportaciones.com.co\/?post_type=product&#038;p=423"},"modified":"2024-05-07T17:09:40","modified_gmt":"2024-05-07T22:09:40","slug":"colchon-primavera-5","status":"publish","type":"product","link":"https:\/\/europaimportaciones.com.co\/index.php\/producto\/colchon-primavera-5\/","title":{"rendered":"Colchon primavera"},"content":{"rendered":"<p class=\"lead text-justify my-3\">Cr\u00e9dito personal<\/p>\n<p class=\"lead my-3\">Observaciones: Colch\u00f3n primavera 140&#215;190 6 a\u00f1os de garant\u00eda obsequio 2 almohadas<\/p>\n","protected":false},"excerpt":{"rendered":"<p>Cr\u00e9dito personal Observaciones: Colch\u00f3n primavera 140&#215;190 6 a\u00f1os de garant\u00eda obsequio 2 almohadas<\/p>\n","protected":false},"featured_media":422,"comment_status":"open","ping_status":"closed","template":"","meta":[],"product_cat":[17],"product_tag":[19],"jetpack_sharing_enabled":true,"_links":{"self":[{"href":"https:\/\/europaimportaciones.com.co\/index.php\/wp-json\/wp\/v2\/product\/423"}],"collection":[{"href":"https:\/\/europaimportaciones.com.co\/index.php\/wp-json\/wp\/v2\/product"}],"about":[{"href":"https:\/\/europaimportaciones.com.co\/index.php\/wp-json\/wp\/v2\/types\/product"}],"replies":[{"embeddable":true,"href":"https:\/\/europaimportaciones.com.co\/index.php\/wp-json\/wp\/v2\/comments?post=423"}],"wp:featuredmedia":[{"embeddable":true,"href":"https:\/\/europaimportaciones.com.co\/index.php\/wp-json\/wp\/v2\/media\/422"}],"wp:attachment":[{"href":"https:\/\/europaimportaciones.com.co\/index.php\/wp-json\/wp\/v2\/media?parent=423"}],"wp:term":[{"taxonomy":"product_cat","embeddable":true,"href":"https:\/\/europaimportaciones.com.co\/index.php\/wp-json\/wp\/v2\/product_cat?post=423"},{"taxonomy":"product_tag","embeddable":true,"href":"https:\/\/europaimportaciones.com.co\/index.php\/wp-json\/wp\/v2\/product_tag?post=423"}],"curies":[{"name":"wp","href":"https:\/\/api.w.org\/{rel}","templated":true}]}}