{"id":421,"date":"2024-05-07T17:09:30","date_gmt":"2024-05-07T22:09:30","guid":{"rendered":"https:\/\/europaimportaciones.com.co\/?post_type=product&#038;p=421"},"modified":"2024-05-07T17:09:31","modified_gmt":"2024-05-07T22:09:31","slug":"colchon-primavera-4","status":"publish","type":"product","link":"https:\/\/europaimportaciones.com.co\/index.php\/producto\/colchon-primavera-4\/","title":{"rendered":"Colch\u00f3n primavera"},"content":{"rendered":"<p><span data-sheets-root=\"1\" data-sheets-value=\"{&quot;1&quot;:2,&quot;2&quot;:&quot;140x190 Colch\u00f3n primavera m\u00e1s base cama m\u00e1s espaldar capitoneado con brazos&quot;}\" data-sheets-userformat=\"{&quot;2&quot;:12675,&quot;3&quot;:{&quot;1&quot;:0},&quot;4&quot;:{&quot;1&quot;:2,&quot;2&quot;:16777215},&quot;10&quot;:2,&quot;11&quot;:0,&quot;15&quot;:&quot;Arial&quot;,&quot;16&quot;:9}\">140&#215;190 <\/span><\/p>\n<p><span data-sheets-root=\"1\" data-sheets-value=\"{&quot;1&quot;:2,&quot;2&quot;:&quot;140x190 Colch\u00f3n primavera m\u00e1s base cama m\u00e1s espaldar capitoneado con brazos&quot;}\" data-sheets-userformat=\"{&quot;2&quot;:12675,&quot;3&quot;:{&quot;1&quot;:0},&quot;4&quot;:{&quot;1&quot;:2,&quot;2&quot;:16777215},&quot;10&quot;:2,&quot;11&quot;:0,&quot;15&quot;:&quot;Arial&quot;,&quot;16&quot;:9}\">Colch\u00f3n primavera m\u00e1s base cama m\u00e1s espaldar capitoneado con brazos<\/span><\/p>\n","protected":false},"excerpt":{"rendered":"<p>140&#215;190 Colch\u00f3n primavera m\u00e1s base cama m\u00e1s espaldar capitoneado con brazos<\/p>\n","protected":false},"featured_media":422,"comment_status":"open","ping_status":"closed","template":"","meta":[],"product_cat":[17],"product_tag":[19],"jetpack_sharing_enabled":true,"_links":{"self":[{"href":"https:\/\/europaimportaciones.com.co\/index.php\/wp-json\/wp\/v2\/product\/421"}],"collection":[{"href":"https:\/\/europaimportaciones.com.co\/index.php\/wp-json\/wp\/v2\/product"}],"about":[{"href":"https:\/\/europaimportaciones.com.co\/index.php\/wp-json\/wp\/v2\/types\/product"}],"replies":[{"embeddable":true,"href":"https:\/\/europaimportaciones.com.co\/index.php\/wp-json\/wp\/v2\/comments?post=421"}],"wp:featuredmedia":[{"embeddable":true,"href":"https:\/\/europaimportaciones.com.co\/index.php\/wp-json\/wp\/v2\/media\/422"}],"wp:attachment":[{"href":"https:\/\/europaimportaciones.com.co\/index.php\/wp-json\/wp\/v2\/media?parent=421"}],"wp:term":[{"taxonomy":"product_cat","embeddable":true,"href":"https:\/\/europaimportaciones.com.co\/index.php\/wp-json\/wp\/v2\/product_cat?post=421"},{"taxonomy":"product_tag","embeddable":true,"href":"https:\/\/europaimportaciones.com.co\/index.php\/wp-json\/wp\/v2\/product_tag?post=421"}],"curies":[{"name":"wp","href":"https:\/\/api.w.org\/{rel}","templated":true}]}}