{"id":388,"date":"2024-05-07T17:06:03","date_gmt":"2024-05-07T22:06:03","guid":{"rendered":"https:\/\/europaimportaciones.com.co\/?post_type=product&#038;p=388"},"modified":"2024-05-07T17:06:04","modified_gmt":"2024-05-07T22:06:04","slug":"nido-mas-ortopedico","status":"publish","type":"product","link":"https:\/\/europaimportaciones.com.co\/index.php\/producto\/nido-mas-ortopedico\/","title":{"rendered":"Nido m\u00e1s ortop\u00e9dico"},"content":{"rendered":"<p class=\"lead text-justify my-3\">100&#215;190<\/p>\n<p class=\"lead my-3\">Observaciones: Base nido m\u00e1s colch\u00f3n ortop\u00e9dico<\/p>\n","protected":false},"excerpt":{"rendered":"<p>100&#215;190 Observaciones: Base nido m\u00e1s colch\u00f3n ortop\u00e9dico<\/p>\n","protected":false},"featured_media":389,"comment_status":"open","ping_status":"closed","template":"","meta":[],"product_cat":[17],"product_tag":[19],"jetpack_sharing_enabled":true,"_links":{"self":[{"href":"https:\/\/europaimportaciones.com.co\/index.php\/wp-json\/wp\/v2\/product\/388"}],"collection":[{"href":"https:\/\/europaimportaciones.com.co\/index.php\/wp-json\/wp\/v2\/product"}],"about":[{"href":"https:\/\/europaimportaciones.com.co\/index.php\/wp-json\/wp\/v2\/types\/product"}],"replies":[{"embeddable":true,"href":"https:\/\/europaimportaciones.com.co\/index.php\/wp-json\/wp\/v2\/comments?post=388"}],"wp:featuredmedia":[{"embeddable":true,"href":"https:\/\/europaimportaciones.com.co\/index.php\/wp-json\/wp\/v2\/media\/389"}],"wp:attachment":[{"href":"https:\/\/europaimportaciones.com.co\/index.php\/wp-json\/wp\/v2\/media?parent=388"}],"wp:term":[{"taxonomy":"product_cat","embeddable":true,"href":"https:\/\/europaimportaciones.com.co\/index.php\/wp-json\/wp\/v2\/product_cat?post=388"},{"taxonomy":"product_tag","embeddable":true,"href":"https:\/\/europaimportaciones.com.co\/index.php\/wp-json\/wp\/v2\/product_tag?post=388"}],"curies":[{"name":"wp","href":"https:\/\/api.w.org\/{rel}","templated":true}]}}