{"id":386,"date":"2024-05-07T17:05:52","date_gmt":"2024-05-07T22:05:52","guid":{"rendered":"https:\/\/europaimportaciones.com.co\/?post_type=product&#038;p=386"},"modified":"2024-05-07T17:05:53","modified_gmt":"2024-05-07T22:05:53","slug":"colchon-ortopedico-mas-base-cama-mas-espaldar-capi","status":"publish","type":"product","link":"https:\/\/europaimportaciones.com.co\/index.php\/producto\/colchon-ortopedico-mas-base-cama-mas-espaldar-capi\/","title":{"rendered":"Colch\u00f3n ortop\u00e9dico m\u00e1s base cama m\u00e1s espaldar capi"},"content":{"rendered":"<p class=\"lead text-justify my-3\">140&#215;190<\/p>\n<p class=\"lead my-3\">Observaciones: Colch\u00f3n confort 140&#215;190<\/p>\n","protected":false},"excerpt":{"rendered":"<p>140&#215;190 Observaciones: Colch\u00f3n confort 140&#215;190<\/p>\n","protected":false},"featured_media":387,"comment_status":"open","ping_status":"closed","template":"","meta":[],"product_cat":[17],"product_tag":[19],"jetpack_sharing_enabled":true,"_links":{"self":[{"href":"https:\/\/europaimportaciones.com.co\/index.php\/wp-json\/wp\/v2\/product\/386"}],"collection":[{"href":"https:\/\/europaimportaciones.com.co\/index.php\/wp-json\/wp\/v2\/product"}],"about":[{"href":"https:\/\/europaimportaciones.com.co\/index.php\/wp-json\/wp\/v2\/types\/product"}],"replies":[{"embeddable":true,"href":"https:\/\/europaimportaciones.com.co\/index.php\/wp-json\/wp\/v2\/comments?post=386"}],"wp:featuredmedia":[{"embeddable":true,"href":"https:\/\/europaimportaciones.com.co\/index.php\/wp-json\/wp\/v2\/media\/387"}],"wp:attachment":[{"href":"https:\/\/europaimportaciones.com.co\/index.php\/wp-json\/wp\/v2\/media?parent=386"}],"wp:term":[{"taxonomy":"product_cat","embeddable":true,"href":"https:\/\/europaimportaciones.com.co\/index.php\/wp-json\/wp\/v2\/product_cat?post=386"},{"taxonomy":"product_tag","embeddable":true,"href":"https:\/\/europaimportaciones.com.co\/index.php\/wp-json\/wp\/v2\/product_tag?post=386"}],"curies":[{"name":"wp","href":"https:\/\/api.w.org\/{rel}","templated":true}]}}