{"id":362,"date":"2024-05-07T17:00:17","date_gmt":"2024-05-07T22:00:17","guid":{"rendered":"https:\/\/europaimportaciones.com.co\/?post_type=product&#038;p=362"},"modified":"2024-05-07T17:00:17","modified_gmt":"2024-05-07T22:00:17","slug":"colchon-9","status":"publish","type":"product","link":"https:\/\/europaimportaciones.com.co\/index.php\/producto\/colchon-9\/","title":{"rendered":"Colchon 9"},"content":{"rendered":"<p class=\"lead text-justify my-3\">Cr\u00e9dito personal<\/p>\n<p class=\"lead my-3\">Observaciones: Espaldar \u00e1rabe base cama y primavera 2&#215;2 a cr\u00e9dito # 4 802 000 a 24 cuotas mensuales de # 200084<\/p>\n","protected":false},"excerpt":{"rendered":"<p>Cr\u00e9dito personal Observaciones: Espaldar \u00e1rabe base cama y primavera 2&#215;2 a cr\u00e9dito # 4 802 000 a 24 cuotas mensuales de # 200084<\/p>\n","protected":false},"featured_media":363,"comment_status":"open","ping_status":"closed","template":"","meta":[],"product_cat":[18,17,26],"product_tag":[28,19,27],"jetpack_sharing_enabled":true,"_links":{"self":[{"href":"https:\/\/europaimportaciones.com.co\/index.php\/wp-json\/wp\/v2\/product\/362"}],"collection":[{"href":"https:\/\/europaimportaciones.com.co\/index.php\/wp-json\/wp\/v2\/product"}],"about":[{"href":"https:\/\/europaimportaciones.com.co\/index.php\/wp-json\/wp\/v2\/types\/product"}],"replies":[{"embeddable":true,"href":"https:\/\/europaimportaciones.com.co\/index.php\/wp-json\/wp\/v2\/comments?post=362"}],"wp:featuredmedia":[{"embeddable":true,"href":"https:\/\/europaimportaciones.com.co\/index.php\/wp-json\/wp\/v2\/media\/363"}],"wp:attachment":[{"href":"https:\/\/europaimportaciones.com.co\/index.php\/wp-json\/wp\/v2\/media?parent=362"}],"wp:term":[{"taxonomy":"product_cat","embeddable":true,"href":"https:\/\/europaimportaciones.com.co\/index.php\/wp-json\/wp\/v2\/product_cat?post=362"},{"taxonomy":"product_tag","embeddable":true,"href":"https:\/\/europaimportaciones.com.co\/index.php\/wp-json\/wp\/v2\/product_tag?post=362"}],"curies":[{"name":"wp","href":"https:\/\/api.w.org\/{rel}","templated":true}]}}