{"id":357,"date":"2024-05-07T17:00:31","date_gmt":"2024-05-07T22:00:31","guid":{"rendered":"https:\/\/europaimportaciones.com.co\/?post_type=product&#038;p=357"},"modified":"2024-05-07T17:00:32","modified_gmt":"2024-05-07T22:00:32","slug":"colchon-8-confort","status":"publish","type":"product","link":"https:\/\/europaimportaciones.com.co\/index.php\/producto\/colchon-8-confort\/","title":{"rendered":"Colchon 8 confort"},"content":{"rendered":"<p class=\"lead text-justify my-3\">Cr\u00e9dito personal<\/p>\n<p class=\"lead my-3\">Observaciones: Colch\u00f3n ortop\u00e9dico en alto carbono garant\u00eda 7 a\u00f1os parte interna<\/p>\n","protected":false},"excerpt":{"rendered":"<p>Cr\u00e9dito personal Observaciones: Colch\u00f3n ortop\u00e9dico en alto carbono garant\u00eda 7 a\u00f1os parte interna<\/p>\n","protected":false},"featured_media":343,"comment_status":"open","ping_status":"closed","template":"","meta":[],"product_cat":[17],"product_tag":[19],"jetpack_sharing_enabled":true,"_links":{"self":[{"href":"https:\/\/europaimportaciones.com.co\/index.php\/wp-json\/wp\/v2\/product\/357"}],"collection":[{"href":"https:\/\/europaimportaciones.com.co\/index.php\/wp-json\/wp\/v2\/product"}],"about":[{"href":"https:\/\/europaimportaciones.com.co\/index.php\/wp-json\/wp\/v2\/types\/product"}],"replies":[{"embeddable":true,"href":"https:\/\/europaimportaciones.com.co\/index.php\/wp-json\/wp\/v2\/comments?post=357"}],"wp:featuredmedia":[{"embeddable":true,"href":"https:\/\/europaimportaciones.com.co\/index.php\/wp-json\/wp\/v2\/media\/343"}],"wp:attachment":[{"href":"https:\/\/europaimportaciones.com.co\/index.php\/wp-json\/wp\/v2\/media?parent=357"}],"wp:term":[{"taxonomy":"product_cat","embeddable":true,"href":"https:\/\/europaimportaciones.com.co\/index.php\/wp-json\/wp\/v2\/product_cat?post=357"},{"taxonomy":"product_tag","embeddable":true,"href":"https:\/\/europaimportaciones.com.co\/index.php\/wp-json\/wp\/v2\/product_tag?post=357"}],"curies":[{"name":"wp","href":"https:\/\/api.w.org\/{rel}","templated":true}]}}