{"id":339,"date":"2024-05-07T17:00:53","date_gmt":"2024-05-07T22:00:53","guid":{"rendered":"https:\/\/europaimportaciones.com.co\/?post_type=product&#038;p=339"},"modified":"2024-05-07T17:00:53","modified_gmt":"2024-05-07T22:00:53","slug":"colchon-6-confort","status":"publish","type":"product","link":"https:\/\/europaimportaciones.com.co\/index.php\/producto\/colchon-6-confort\/","title":{"rendered":"Colchon 6 confort"},"content":{"rendered":"<p class=\"lead text-justify my-3\">Confort<\/p>\n<p class=\"lead my-3\">Observaciones: Ha credito $2 000 000 con amortiguadores en acero de alto carbono fieltro en algod\u00f3n y espuma de 3cm en ambas caras de densidad c23 garant\u00eda de 6 a\u00f1os con colchonetas pillowtop de 3 cm por ambas<\/p>\n","protected":false},"excerpt":{"rendered":"<p>Confort Observaciones: Ha credito $2 000 000 con amortiguadores en acero de alto carbono fieltro en algod\u00f3n y espuma de 3cm en ambas caras de densidad c23 garant\u00eda de 6 a\u00f1os con colchonetas pillowtop de 3 cm por ambas<\/p>\n","protected":false},"featured_media":340,"comment_status":"open","ping_status":"closed","template":"","meta":[],"product_cat":[17],"product_tag":[19],"jetpack_sharing_enabled":true,"_links":{"self":[{"href":"https:\/\/europaimportaciones.com.co\/index.php\/wp-json\/wp\/v2\/product\/339"}],"collection":[{"href":"https:\/\/europaimportaciones.com.co\/index.php\/wp-json\/wp\/v2\/product"}],"about":[{"href":"https:\/\/europaimportaciones.com.co\/index.php\/wp-json\/wp\/v2\/types\/product"}],"replies":[{"embeddable":true,"href":"https:\/\/europaimportaciones.com.co\/index.php\/wp-json\/wp\/v2\/comments?post=339"}],"wp:featuredmedia":[{"embeddable":true,"href":"https:\/\/europaimportaciones.com.co\/index.php\/wp-json\/wp\/v2\/media\/340"}],"wp:attachment":[{"href":"https:\/\/europaimportaciones.com.co\/index.php\/wp-json\/wp\/v2\/media?parent=339"}],"wp:term":[{"taxonomy":"product_cat","embeddable":true,"href":"https:\/\/europaimportaciones.com.co\/index.php\/wp-json\/wp\/v2\/product_cat?post=339"},{"taxonomy":"product_tag","embeddable":true,"href":"https:\/\/europaimportaciones.com.co\/index.php\/wp-json\/wp\/v2\/product_tag?post=339"}],"curies":[{"name":"wp","href":"https:\/\/api.w.org\/{rel}","templated":true}]}}