{"id":319,"date":"2024-05-07T17:15:34","date_gmt":"2024-05-07T22:15:34","guid":{"rendered":"https:\/\/europaimportaciones.com.co\/?post_type=product&#038;p=319"},"modified":"2024-05-07T17:15:34","modified_gmt":"2024-05-07T22:15:34","slug":"sala-3","status":"publish","type":"product","link":"https:\/\/europaimportaciones.com.co\/index.php\/producto\/sala-3\/","title":{"rendered":"Sala 3"},"content":{"rendered":"<p class=\"lead text-justify my-3\">Tela amigable con las mascotas con madera de alta durabilidad y telas al gusto de \u00e9l cliente<\/p>\n<p class=\"lead my-3\">Observaciones: Madera en sajo 1.50 con 2 a\u00f1os de garant\u00eda tela amigable con las mascotas y los mejor sin cuota inicial<\/p>\n","protected":false},"excerpt":{"rendered":"<p>Tela amigable con las mascotas con madera de alta durabilidad y telas al gusto de \u00e9l cliente Observaciones: Madera en sajo 1.50 con 2 a\u00f1os de garant\u00eda tela amigable con las mascotas y los mejor sin cuota inicial<\/p>\n","protected":false},"featured_media":322,"comment_status":"open","ping_status":"closed","template":"","meta":[],"product_cat":[21],"product_tag":[22,23],"jetpack_sharing_enabled":true,"_links":{"self":[{"href":"https:\/\/europaimportaciones.com.co\/index.php\/wp-json\/wp\/v2\/product\/319"}],"collection":[{"href":"https:\/\/europaimportaciones.com.co\/index.php\/wp-json\/wp\/v2\/product"}],"about":[{"href":"https:\/\/europaimportaciones.com.co\/index.php\/wp-json\/wp\/v2\/types\/product"}],"replies":[{"embeddable":true,"href":"https:\/\/europaimportaciones.com.co\/index.php\/wp-json\/wp\/v2\/comments?post=319"}],"wp:featuredmedia":[{"embeddable":true,"href":"https:\/\/europaimportaciones.com.co\/index.php\/wp-json\/wp\/v2\/media\/322"}],"wp:attachment":[{"href":"https:\/\/europaimportaciones.com.co\/index.php\/wp-json\/wp\/v2\/media?parent=319"}],"wp:term":[{"taxonomy":"product_cat","embeddable":true,"href":"https:\/\/europaimportaciones.com.co\/index.php\/wp-json\/wp\/v2\/product_cat?post=319"},{"taxonomy":"product_tag","embeddable":true,"href":"https:\/\/europaimportaciones.com.co\/index.php\/wp-json\/wp\/v2\/product_tag?post=319"}],"curies":[{"name":"wp","href":"https:\/\/api.w.org\/{rel}","templated":true}]}}