{"id":313,"date":"2024-05-07T17:15:10","date_gmt":"2024-05-07T22:15:10","guid":{"rendered":"https:\/\/europaimportaciones.com.co\/?post_type=product&#038;p=313"},"modified":"2024-05-07T17:15:10","modified_gmt":"2024-05-07T22:15:10","slug":"colchon-4","status":"publish","type":"product","link":"https:\/\/europaimportaciones.com.co\/index.php\/producto\/colchon-4\/","title":{"rendered":"Colchon 4"},"content":{"rendered":"<p class=\"lead text-justify my-3\">140&#215;190<\/p>\n<p><span data-sheets-root=\"1\" data-sheets-value=\"{&quot;1&quot;:2,&quot;2&quot;:&quot;Este colch\u00f3n biene reportado encapsulado con una colchoneta adicional por una cara para darle m\u00e1s confort al colch\u00f3n&quot;}\" data-sheets-userformat=\"{&quot;2&quot;:12931,&quot;3&quot;:{&quot;1&quot;:0},&quot;4&quot;:{&quot;1&quot;:2,&quot;2&quot;:16777215},&quot;10&quot;:2,&quot;12&quot;:0,&quot;15&quot;:&quot;Arial&quot;,&quot;16&quot;:9}\">Este colch\u00f3n viene reportado encapsulado con una colchoneta adicional por una cara para darle m\u00e1s confort al colch\u00f3n<\/span><\/p>\n","protected":false},"excerpt":{"rendered":"<p>140&#215;190 Este colch\u00f3n viene reportado encapsulado con una colchoneta adicional por una cara para darle m\u00e1s confort al colch\u00f3n<\/p>\n","protected":false},"featured_media":314,"comment_status":"open","ping_status":"closed","template":"","meta":[],"product_cat":[17],"product_tag":[19],"jetpack_sharing_enabled":true,"_links":{"self":[{"href":"https:\/\/europaimportaciones.com.co\/index.php\/wp-json\/wp\/v2\/product\/313"}],"collection":[{"href":"https:\/\/europaimportaciones.com.co\/index.php\/wp-json\/wp\/v2\/product"}],"about":[{"href":"https:\/\/europaimportaciones.com.co\/index.php\/wp-json\/wp\/v2\/types\/product"}],"replies":[{"embeddable":true,"href":"https:\/\/europaimportaciones.com.co\/index.php\/wp-json\/wp\/v2\/comments?post=313"}],"wp:featuredmedia":[{"embeddable":true,"href":"https:\/\/europaimportaciones.com.co\/index.php\/wp-json\/wp\/v2\/media\/314"}],"wp:attachment":[{"href":"https:\/\/europaimportaciones.com.co\/index.php\/wp-json\/wp\/v2\/media?parent=313"}],"wp:term":[{"taxonomy":"product_cat","embeddable":true,"href":"https:\/\/europaimportaciones.com.co\/index.php\/wp-json\/wp\/v2\/product_cat?post=313"},{"taxonomy":"product_tag","embeddable":true,"href":"https:\/\/europaimportaciones.com.co\/index.php\/wp-json\/wp\/v2\/product_tag?post=313"}],"curies":[{"name":"wp","href":"https:\/\/api.w.org\/{rel}","templated":true}]}}