{"id":235,"date":"2023-08-22T13:36:49","date_gmt":"2023-08-22T18:36:49","guid":{"rendered":"https:\/\/europaimportaciones.com.co\/?page_id=235"},"modified":"2023-10-03T12:25:04","modified_gmt":"2023-10-03T17:25:04","slug":"pqrs","status":"publish","type":"page","link":"https:\/\/europaimportaciones.com.co\/index.php\/pqrs\/","title":{"rendered":"PQRS"},"content":{"rendered":"<section class=\"wpb-content-wrapper\"><p>[vc_row][vc_column]<div class=\"ult-spacer spacer-69f0efb3d171e\" data-id=\"69f0efb3d171e\" data-height=\"10\" data-height-mobile=\"10\" data-height-tab=\"10\" data-height-tab-portrait=\"\" data-height-mobile-landscape=\"\" style=\"clear:both;display:block;\"><\/div>[vc_custom_heading text=&#8221;HABILITAMOS UN NUEVO CANAL &#8211; PQRS&#8221; font_container=&#8221;tag:h2|text_align:center|color:%23ffffff&#8221; google_fonts=&#8221;font_family:Metrophobic%3Aregular|font_style:400%20regular%3A400%3Anormal&#8221; css=&#8221;.vc_custom_1696352799931{background-color: #4a148c !important;}&#8221;]<div class=\"ult-spacer spacer-69f0efb3d173c\" data-id=\"69f0efb3d173c\" data-height=\"25\" data-height-mobile=\"25\" data-height-tab=\"25\" data-height-tab-portrait=\"\" data-height-mobile-landscape=\"\" style=\"clear:both;display:block;\"><\/div>[vc_column_text]<\/p>\n<p style=\"text-align: justify; font-size: 22px;\">Todo usuario tiene derecho a presentar ante Intertek peticiones, quejas, reclamos y sugerencias, tal como lo se\u00f1ala la Constituci\u00f3n Pol\u00edtica de Colombia, el C\u00f3digo Contencioso Administrativo y la Circular \u00danica de la superintendencia de Industria y Comercio, para lo cual debe tener en cuenta los siguientes conceptos:<\/p>\n<p>&nbsp;<\/p>\n<ul>\n<li>\n<p style=\"text-align: justify; font-size: 22px;\"><b>SUGERENCIA:\u00a0<\/b>Es una propuesta presentada por un usuario para incidir en el mejoramiento de un proceso de la empresa cuyo objeto est\u00e1 relacionado con la prestaci\u00f3n del servicio.<\/p>\n<\/li>\n<li>\n<p style=\"text-align: justify; font-size: 22px;\"><b>PETICI\u00d3N:<\/b>\u00a0Es una actuaci\u00f3n por medio de la cual el usuario, de manera respetuosa, solicita a la empresa cualquier informaci\u00f3n relacionada con la prestaci\u00f3n del servicio.<\/p>\n<\/li>\n<li>\n<p style=\"text-align: justify; font-size: 22px;\"><b>QUEJA:<\/b>\u00a0Es la expresi\u00f3n o manifestaci\u00f3n que le hace el usuario a la empresa por la inconformidad que le gener\u00f3 la prestaci\u00f3n de nuestros servicios.<\/p>\n<\/li>\n<li>\n<p style=\"text-align: justify; font-size: 22px;\"><b>RECLAMO:\u00a0<\/b>Es la oposici\u00f3n o contrariedad presentada por el usuario, con el objeto de que la empresa revise y eval\u00fae una actuaci\u00f3n relacionada con la prestaci\u00f3n del servicio en t\u00e9rminos econ\u00f3micos.<\/p>\n<\/li>\n<\/ul>\n<p>[\/vc_column_text]<div class=\"ult-spacer spacer-69f0efb3d174b\" data-id=\"69f0efb3d174b\" data-height=\"10\" data-height-mobile=\"10\" data-height-tab=\"10\" data-height-tab-portrait=\"\" data-height-mobile-landscape=\"\" style=\"clear:both;display:block;\"><\/div>[\/vc_column][\/vc_row][vc_row css=&#8221;.vc_custom_1696353497164{background-color: #ffffff !important;}&#8221;][vc_column width=&#8221;1\/12&#8243;][\/vc_column][vc_column width=&#8221;5\/12&#8243;][vc_column_text]<\/p>\n<p class=\"\" style=\"text-align: justify; font-size: 20px;\">Si cuentas con alguna petici\u00f3n, queja, reclamo \u00f3 sugerencia por favor diligencia el formulario y haznos saber la inquietud.<\/p>\n<p>[\/vc_column_text]<div class=\"wpforms-container wpforms-container-full wpforms-render-modern\" id=\"wpforms-249\"><form id=\"wpforms-form-249\" class=\"wpforms-validate wpforms-form wpforms-ajax-form\" data-formid=\"249\" method=\"post\" enctype=\"multipart\/form-data\" action=\"\/index.php\/wp-json\/wp\/v2\/pages\/235\" data-token=\"fffae7074c058fa373d6bdbbd0a8ea01\" data-token-time=\"1777397683\"><noscript class=\"wpforms-error-noscript\">Por favor, activa JavaScript en tu navegador para completar este formulario.<\/noscript><div class=\"wpforms-hidden\" id=\"wpforms-error-noscript\">Por favor, activa JavaScript en tu navegador para completar este formulario.<\/div><div class=\"wpforms-field-container\"><div id=\"wpforms-249-field_1-container\" class=\"wpforms-field wpforms-field-text\" data-field-id=\"1\"><label class=\"wpforms-field-label\" for=\"wpforms-249-field_1\">Nombres y Apellidos <span class=\"wpforms-required-label\" aria-hidden=\"true\">*<\/span><\/label><input type=\"text\" id=\"wpforms-249-field_1\" class=\"wpforms-field-large wpforms-field-required\" name=\"wpforms[fields][1]\" aria-errormessage=\"wpforms-249-field_1-error\" required><\/div><div id=\"wpforms-249-field_2-container\" class=\"wpforms-field wpforms-field-number\" data-field-id=\"2\"><label class=\"wpforms-field-label\" for=\"wpforms-249-field_2\">Tel\u00e9fono <span class=\"wpforms-required-label\" aria-hidden=\"true\">*<\/span><\/label><input type=\"number\" id=\"wpforms-249-field_2\" class=\"wpforms-field-large wpforms-field-required\" name=\"wpforms[fields][2]\" aria-errormessage=\"wpforms-249-field_2-error\" required><\/div><div id=\"wpforms-249-field_4-container\" class=\"wpforms-field wpforms-field-email\" data-field-id=\"4\"><label class=\"wpforms-field-label\" for=\"wpforms-249-field_4\">Correo electr\u00f3nico <span class=\"wpforms-required-label\" aria-hidden=\"true\">*<\/span><\/label><input type=\"email\" id=\"wpforms-249-field_4\" class=\"wpforms-field-large wpforms-field-required\" name=\"wpforms[fields][4]\" spellcheck=\"false\" aria-errormessage=\"wpforms-249-field_4-error\" required><\/div><div id=\"wpforms-249-field_5-container\" class=\"wpforms-field wpforms-field-textarea\" data-field-id=\"5\"><label class=\"wpforms-field-label\" for=\"wpforms-249-field_5\">Asunto \/ Motivo <span class=\"wpforms-required-label\" aria-hidden=\"true\">*<\/span><\/label><textarea id=\"wpforms-249-field_5\" class=\"wpforms-field-medium wpforms-field-required\" name=\"wpforms[fields][5]\" aria-errormessage=\"wpforms-249-field_5-error\" required><\/textarea><\/div><\/div><!-- .wpforms-field-container --><div class=\"wpforms-submit-container\" ><input type=\"hidden\" name=\"wpforms[id]\" value=\"249\"><input type=\"hidden\" name=\"page_title\" value=\"\"><input type=\"hidden\" name=\"page_url\" value=\"https:\/\/europaimportaciones.com.co\/index.php\/wp-json\/wp\/v2\/pages\/235\"><button type=\"submit\" name=\"wpforms[submit]\" id=\"wpforms-submit-249\" class=\"wpforms-submit\" data-alt-text=\"Enviando...\" data-submit-text=\"Enviar Petici\u00f3n\" aria-live=\"assertive\" value=\"wpforms-submit\">Enviar Petici\u00f3n<\/button><img loading=\"lazy\" decoding=\"async\" src=\"https:\/\/europaimportaciones.com.co\/wp-content\/plugins\/wpforms-lite\/assets\/images\/submit-spin.svg\" class=\"wpforms-submit-spinner\" style=\"display: none;\" width=\"26\" height=\"26\" alt=\"Cargando\"><\/div><\/form><\/div>  <!-- .wpforms-container -->[\/vc_column][vc_column width=&#8221;5\/12&#8243;][vc_single_image image=&#8221;277&#8243; img_size=&#8221;full&#8221;][\/vc_column][\/vc_row]<\/p>\n<\/section>","protected":false},"excerpt":{"rendered":"<p>[vc_row][vc_column][vc_custom_heading text=&#8221;HABILITAMOS UN NUEVO CANAL &#8211; PQRS&#8221; font_container=&#8221;tag:h2|text_align:center|color:%23ffffff&#8221; google_fonts=&#8221;font_family:Metrophobic%3Aregular|font_style:400%20regular%3A400%3Anormal&#8221; css=&#8221;.vc_custom_1696352799931{background-color: #4a148c !important;}&#8221;][vc_column_text] Todo usuario tiene derecho a presentar ante Intertek peticiones, quejas, reclamos y sugerencias, tal como lo se\u00f1ala la Constituci\u00f3n Pol\u00edtica de Colombia, el C\u00f3digo Contencioso Administrativo y la Circular \u00danica de la superintendencia de Industria y Comercio, para lo cual debe tener en [&hellip;]<\/p>\n","protected":false},"author":1,"featured_media":0,"parent":0,"menu_order":0,"comment_status":"closed","ping_status":"closed","template":"templates\/template_page-full-width.php","meta":{"footnotes":""},"jetpack_sharing_enabled":true,"_links":{"self":[{"href":"https:\/\/europaimportaciones.com.co\/index.php\/wp-json\/wp\/v2\/pages\/235"}],"collection":[{"href":"https:\/\/europaimportaciones.com.co\/index.php\/wp-json\/wp\/v2\/pages"}],"about":[{"href":"https:\/\/europaimportaciones.com.co\/index.php\/wp-json\/wp\/v2\/types\/page"}],"author":[{"embeddable":true,"href":"https:\/\/europaimportaciones.com.co\/index.php\/wp-json\/wp\/v2\/users\/1"}],"replies":[{"embeddable":true,"href":"https:\/\/europaimportaciones.com.co\/index.php\/wp-json\/wp\/v2\/comments?post=235"}],"version-history":[{"count":9,"href":"https:\/\/europaimportaciones.com.co\/index.php\/wp-json\/wp\/v2\/pages\/235\/revisions"}],"predecessor-version":[{"id":255,"href":"https:\/\/europaimportaciones.com.co\/index.php\/wp-json\/wp\/v2\/pages\/235\/revisions\/255"}],"wp:attachment":[{"href":"https:\/\/europaimportaciones.com.co\/index.php\/wp-json\/wp\/v2\/media?parent=235"}],"curies":[{"name":"wp","href":"https:\/\/api.w.org\/{rel}","templated":true}]}}