{"id":222,"date":"2023-08-22T13:05:16","date_gmt":"2023-08-22T18:05:16","guid":{"rendered":"https:\/\/europaimportaciones.com.co\/?page_id=222"},"modified":"2023-08-22T13:33:46","modified_gmt":"2023-08-22T18:33:46","slug":"politicas","status":"publish","type":"page","link":"https:\/\/europaimportaciones.com.co\/index.php\/politicas\/","title":{"rendered":"Pol\u00edticas"},"content":{"rendered":"<section class=\"wpb-content-wrapper\"><p>[vc_row][vc_column width=&#8221;1\/6&#8243;][\/vc_column][vc_column width=&#8221;2\/3&#8243;][vc_custom_heading text=&#8221;POL\u00cdTICAS DE CALIDAD EUROPA IMPORTACIONES FLEX S.A.S.&#8221; font_container=&#8221;tag:h2|font_size:50|text_align:center&#8221; google_fonts=&#8221;font_family:Alegreya%3Aregular%2Citalic%2C700%2C700italic%2C900%2C900italic|font_style:400%20regular%3A400%3Anormal&#8221;]<div class=\"ult-spacer spacer-69f0efbbbc187\" data-id=\"69f0efbbbc187\" data-height=\"30\" data-height-mobile=\"30\" data-height-tab=\"30\" data-height-tab-portrait=\"\" data-height-mobile-landscape=\"\" style=\"clear:both;display:block;\"><\/div>[vc_column_text]<\/p>\n<p style=\"text-align: justify; font-size: 22px;\">En EUROPA IMPORTACIONES FLEX S.A.S. Estamos motivados por las necesidades de nuestro mercado, esforz\u00e1ndonos continuamente en ofrecer productos de alta calidad. Creamos valor superior a trav\u00e9s de la innovaci\u00f3n con marcas de confianza para el consumo en los hogares, ofertando una amplia gama de productos.<\/p>\n<p>[\/vc_column_text][vc_column_text]<\/p>\n<p style=\"text-align: justify; font-size: 22px;\">La Pol\u00edtica de Calidad de EUROPA IMPORTACIONES FLEX S.A.S. se fundamenta en el compromiso con los consumidores, trabajadores, entidades p\u00fablicas, medio ambiente y la sociedad:<\/p>\n<p>[\/vc_column_text][vc_column_text]<\/p>\n<p style=\"text-align: justify; font-size: 22px;\"><strong>&#8211;<\/strong> \u2022 Nuestra responsabilidad con los consumidores se basa en la escucha activa para conseguir mejorar d\u00eda a d\u00eda y facilitarles una oferta de producto y servicio adaptada a sus necesidades. Implantamos procesos de mejora desde el primer contacto con el cliente hasta que el producto final llega a su destino. Todo el proceso es evaluado y auditado hasta el servicio post-venta, de este modo garantizamos su satisfacci\u00f3n y una excelente experiencia de compra y servicio. Centramos nuestros esfuerzos en satisfacer las necesidades de nuestros clientes, para situarnos como la mejor alternativa del mercado en los productos y servicios que ofrecemos.<\/p>\n<p>[\/vc_column_text][vc_column_text]<\/p>\n<p style=\"text-align: justify; font-size: 22px;\"><strong>&#8211;<\/strong> \u2022 El\u00a0<strong>compromiso con nuestros trabajadores<\/strong> tiene como objeto garantizar el bienestar tanto dentro de las instalaciones como fuera de ellas, con el fin de que puedan realizar un trabajo \u00f3ptimo en un ambiente de trabajo adecuado en cada una de las funciones que realizan.<\/p>\n<p style=\"text-align: justify; font-size: 22px;\">Apostamos por la formaci\u00f3n y motivaci\u00f3n de todos nuestros trabajadores para que puedan desarrollar su trabajo de forma \u00f3ptima y se mantengan siempre al d\u00eda. Adem\u00e1s, EUROPA IMPORTACIONES FLEX S.A.S. vela por la seguridad laboral de todo el personal, promoviendo la formaci\u00f3n, prevenci\u00f3n y ambiente de trabajo seguro. Garantizamos un trato respetuoso, la igualdad de trato y oportunidades sin discriminar directa o indirectamente por raz\u00f3n de g\u00e9nero, raza, sexo, religi\u00f3n, opini\u00f3n o cualquier otra condici\u00f3n o circunstancia personal o social.<\/p>\n<p>[\/vc_column_text][vc_column_text]<\/p>\n<p style=\"text-align: justify; font-size: 22px;\"><strong>&#8211;<\/strong> \u2022 \u00a0En el \u00e1mbito administrativo, basamos nuestro compromiso en obedecer y estar al d\u00eda con los distintos entes de administraciones p\u00fablicas en el cumplimiento de nuestras obligaciones.<\/p>\n<p>[\/vc_column_text][vc_column_text]<\/p>\n<p style=\"text-align: justify; font-size: 22px;\"><strong>&#8211;<\/strong> \u2022 Nuestro compromiso con la sociedad y el medio ambiente van de la mano, ya que cuidando el medio ambiente estamos mejorando y facilitando el futuro de la sociedad, principalmente, eliminando residuos, contribuyendo a la reducci\u00f3n de la huella de carbono y reciclando materiales a los que les damos una nueva vida, pero tambi\u00e9n incorporando energ\u00edas renovables en nuestras instalaciones. EUROPA IMPORTACIONES FLEX S.A.S. se compromete a actuar de forma responsable con su entorno.<\/p>\n<p>[\/vc_column_text][vc_column_text]<\/p>\n<p style=\"text-align: justify; font-size: 22px;\">En cuanto al resultado empresarial, EUROPA IMPORTACIONES FLEX S.A.S. busca la sostenibilidad financiera para asegurarse su permanencia en el tiempo, y poder seguir cumpliendo los compromisos con sus consumidores. Nuestra estrategia de sostenibilidad: Conseguir m\u00e1s con menos. Construimos nuestro futuro sobre los cimientos de nuestro negocio.<\/p>\n<p>[\/vc_column_text]<div class=\"smile_icon_list_wrap ult_info_list_container ult-adjust-bottom-margin  \"><ul class=\"smile_icon_list left square with_bg\"><li class=\"icon_list_item\" style=\" font-size:72px;\"><div class=\"icon_list_icon\" data-animation=\"\" data-animation-delay=\"03\" style=\"font-size:24px;border-width:1px;border-style:none;background:#ffffff;color:#333333;border-color:#333333;\"><i class=\"Defaults-check\" ><\/i><\/div><div class=\"icon_description\" id=\"Info-list-wrap-2297\" style=\"font-size:24px;\"><h3 class=\"ult-responsive info-list-heading\"  data-ultimate-target='#Info-list-wrap-2297 h3'  data-responsive-json-new='{\"font-size\":\"desktop:16px;\",\"line-height\":\"desktop:24px;\"}'  style=\"\">POLITICA DE RETRACTO <\/h3><div class=\"icon_description_text ult-responsive\"  data-ultimate-target='#Info-list-wrap-2297 .icon_description_text'  data-responsive-json-new='{\"font-size\":\"desktop:13px;\",\"line-height\":\"desktop:18px;\"}'  style=\"\"><p>En cuanto al resultado empresarial, EUROPA IMPORTACIONES FLEX S.A.S. busca la sostenibilidad financiera para asegurarse su permanencia en el tiempo, y poder seguir\u00a0<strong>cumpliendo los compromisos con sus consumidores<\/strong>. Nuestra estrategia de sostenibilidad:\u00a0<strong>Conseguir m\u00e1s con menos<\/strong>. Construimos nuestro futuro sobre los cimientos de nuestro negocio<\/p>\n<\/div><\/div><div class=\"icon_list_connector\"  style=\"border-right-width: 1px;border-right-style: dashed;border-color: #333333;\"><\/div><\/li><li class=\"icon_list_item\" style=\" font-size:72px;\"><div class=\"icon_list_icon\" data-animation=\"swing\" data-animation-delay=\"03\" style=\"font-size:24px;border-width:1px;border-style:none;background:#ffffff;color:#333333;border-color:#333333;\"><i class=\"Defaults-check\" ><\/i><\/div><div class=\"icon_description\" id=\"Info-list-wrap-6571\" style=\"font-size:24px;\"><h3 class=\"ult-responsive info-list-heading\"  data-ultimate-target='#Info-list-wrap-6571 h3'  data-responsive-json-new='{\"font-size\":\"desktop:16px;\",\"line-height\":\"desktop:24px;\"}'  style=\"\">POLITICA DE GARANT\u00cdA<\/h3><div class=\"icon_description_text ult-responsive\"  data-ultimate-target='#Info-list-wrap-6571 .icon_description_text'  data-responsive-json-new='{\"font-size\":\"desktop:13px;\",\"line-height\":\"desktop:18px;\"}'  style=\"\"><p>En cuanto al resultado empresarial, EUROPA IMPORTACIONES FLEX S.A.S. busca la sostenibilidad financiera para asegurarse su permanencia en el tiempo, y poder seguir\u00a0<strong>cumpliendo los compromisos con sus consumidores<\/strong>. Nuestra estrategia de sostenibilidad:\u00a0<strong>Conseguir m\u00e1s con menos<\/strong>. Construimos nuestro futuro sobre los cimientos de nuestro negocio<\/p>\n<\/div><\/div><div class=\"icon_list_connector\"  style=\"border-right-width: 1px;border-right-style: dashed;border-color: #333333;\"><\/div><\/li><li class=\"icon_list_item\" style=\" font-size:72px;\"><div class=\"icon_list_icon\" data-animation=\"\" data-animation-delay=\"03\" style=\"font-size:24px;border-width:1px;border-style:none;background:#ffffff;color:#333333;border-color:#333333;\"><i class=\"Defaults-check\" ><\/i><\/div><div class=\"icon_description\" id=\"Info-list-wrap-5688\" style=\"font-size:24px;\"><h3 class=\"ult-responsive info-list-heading\"  data-ultimate-target='#Info-list-wrap-5688 h3'  data-responsive-json-new='{\"font-size\":\"desktop:16px;\",\"line-height\":\"desktop:24px;\"}'  style=\"\">POLITICA DE TRATAMIENTO DE DATOS<\/h3><div class=\"icon_description_text ult-responsive\"  data-ultimate-target='#Info-list-wrap-5688 .icon_description_text'  data-responsive-json-new='{\"font-size\":\"desktop:13px;\",\"line-height\":\"desktop:18px;\"}'  style=\"\"><p>En cuanto al resultado empresarial, EUROPA IMPORTACIONES FLEX S.A.S. busca la sostenibilidad financiera para asegurarse su permanencia en el tiempo, y poder seguir\u00a0<strong>cumpliendo los compromisos con sus consumidores<\/strong>. Nuestra estrategia de sostenibilidad:\u00a0<strong>Conseguir m\u00e1s con menos<\/strong>. Construimos nuestro futuro sobre los cimientos de nuestro negocio<\/p>\n<\/div><\/div><div class=\"icon_list_connector\"  style=\"border-right-width: 1px;border-right-style: dashed;border-color: #333333;\"><\/div><\/li><\/ul><\/div>[\/vc_column][vc_column width=&#8221;1\/6&#8243;][\/vc_column][\/vc_row][vc_row][vc_column][\/vc_column][\/vc_row][vc_row][vc_column][\/vc_column][\/vc_row]<\/p>\n<\/section>","protected":false},"excerpt":{"rendered":"<p>[vc_row][vc_column width=&#8221;1\/6&#8243;][\/vc_column][vc_column width=&#8221;2\/3&#8243;][vc_custom_heading text=&#8221;POL\u00cdTICAS DE CALIDAD EUROPA IMPORTACIONES FLEX S.A.S.&#8221; font_container=&#8221;tag:h2|font_size:50|text_align:center&#8221; google_fonts=&#8221;font_family:Alegreya%3Aregular%2Citalic%2C700%2C700italic%2C900%2C900italic|font_style:400%20regular%3A400%3Anormal&#8221;][vc_column_text] En EUROPA IMPORTACIONES FLEX S.A.S. Estamos motivados por las necesidades de nuestro mercado, esforz\u00e1ndonos continuamente en ofrecer productos de alta calidad. Creamos valor superior a trav\u00e9s de la innovaci\u00f3n con marcas de confianza para el consumo en los hogares, ofertando una amplia gama [&hellip;]<\/p>\n","protected":false},"author":1,"featured_media":0,"parent":0,"menu_order":0,"comment_status":"closed","ping_status":"closed","template":"templates\/template_page-full-width.php","meta":{"footnotes":""},"jetpack_sharing_enabled":true,"_links":{"self":[{"href":"https:\/\/europaimportaciones.com.co\/index.php\/wp-json\/wp\/v2\/pages\/222"}],"collection":[{"href":"https:\/\/europaimportaciones.com.co\/index.php\/wp-json\/wp\/v2\/pages"}],"about":[{"href":"https:\/\/europaimportaciones.com.co\/index.php\/wp-json\/wp\/v2\/types\/page"}],"author":[{"embeddable":true,"href":"https:\/\/europaimportaciones.com.co\/index.php\/wp-json\/wp\/v2\/users\/1"}],"replies":[{"embeddable":true,"href":"https:\/\/europaimportaciones.com.co\/index.php\/wp-json\/wp\/v2\/comments?post=222"}],"version-history":[{"count":10,"href":"https:\/\/europaimportaciones.com.co\/index.php\/wp-json\/wp\/v2\/pages\/222\/revisions"}],"predecessor-version":[{"id":232,"href":"https:\/\/europaimportaciones.com.co\/index.php\/wp-json\/wp\/v2\/pages\/222\/revisions\/232"}],"wp:attachment":[{"href":"https:\/\/europaimportaciones.com.co\/index.php\/wp-json\/wp\/v2\/media?parent=222"}],"curies":[{"name":"wp","href":"https:\/\/api.w.org\/{rel}","templated":true}]}}