{"id":165,"date":"2023-08-22T09:48:46","date_gmt":"2023-08-22T14:48:46","guid":{"rendered":"https:\/\/europaimportaciones.com.co\/?page_id=165"},"modified":"2023-08-22T10:51:06","modified_gmt":"2023-08-22T15:51:06","slug":"europa","status":"publish","type":"page","link":"https:\/\/europaimportaciones.com.co\/index.php\/europa\/","title":{"rendered":"EUROPA"},"content":{"rendered":"<section class=\"wpb-content-wrapper\"><p>[vc_row][vc_column][vc_single_image image=&#8221;34&#8243; img_size=&#8221;full&#8221;][\/vc_column][\/vc_row][vc_row][vc_column width=&#8221;5\/6&#8243;]<div class=\"ult-spacer spacer-69f0efbc48946\" data-id=\"69f0efbc48946\" data-height=\"10\" data-height-mobile=\"10\" data-height-tab=\"10\" data-height-tab-portrait=\"\" data-height-mobile-landscape=\"\" style=\"clear:both;display:block;\"><\/div>[vc_custom_heading text=&#8221;EUROPA &#8230;&#8221; font_container=&#8221;tag:h1|text_align:left&#8221; google_fonts=&#8221;font_family:Yeseva%20One%3Aregular|font_style:400%20regular%3A400%3Anormal&#8221;]<div class=\"ult-spacer spacer-69f0efbc48972\" data-id=\"69f0efbc48972\" data-height=\"10\" data-height-mobile=\"10\" data-height-tab=\"10\" data-height-tab-portrait=\"\" data-height-mobile-landscape=\"\" style=\"clear:both;display:block;\"><\/div>[vc_column_text css_animation=&#8221;bounceInRight&#8221;]<\/p>\n<p style=\"text-align: justify; font-size: 22px;\">EUROPA IMPORTACIONES FLEX S.A.S.\u00a0 es una empresa productora y comercializadora d\u00e9 mobiliario para el hogar, inspirada en los aires y car\u00e1cter del viejo continente. Somos la primera casa de dise\u00f1o del departamento d\u00e9 Cundinamarca.\u00a0 Ya son m\u00e1s d\u00e9 20 a\u00f1os al lado de los hogares en donde el arte, el dise\u00f1o y la creatividad se han fusionado para construir lo que hoy somos. &#8220;F\u00c1BRICA&#8221;.<\/p>\n<p>[\/vc_column_text][vc_column_text css_animation=&#8221;bounceInRight&#8221;]<\/p>\n<p style=\"text-align: justify; font-size: 22px;\">Un grupo de gente que trabaja para construir hogares y sue\u00f1os, nuestros productos son 100% producidos por artesanos Colombianos, buscando la mezcla perfecta entre creatividad y autenticidad, resaltando que un mueble es m\u00e1s que un elemento integrante d\u00e9 un espacio. Un mueble es el medio para construir hogar y desarrollar personas en los escenarios ideales para descansar y nutrirse d\u00e9 buenos momentos.<\/p>\n<p>[\/vc_column_text][vc_column_text css_animation=&#8221;bounceInRight&#8221;]<\/p>\n<p style=\"text-align: justify; font-size: 22px;\">Somos fabricantes de sue\u00f1os, construimos muebles por y para las personas que integran hogares<\/p>\n<p>[\/vc_column_text][\/vc_column][vc_column width=&#8221;1\/6&#8243;][\/vc_column][\/vc_row]<\/p>\n<\/section>","protected":false},"excerpt":{"rendered":"<p>[vc_row][vc_column][vc_single_image image=&#8221;34&#8243; img_size=&#8221;full&#8221;][\/vc_column][\/vc_row][vc_row][vc_column width=&#8221;5\/6&#8243;][vc_custom_heading text=&#8221;EUROPA &#8230;&#8221; font_container=&#8221;tag:h1|text_align:left&#8221; google_fonts=&#8221;font_family:Yeseva%20One%3Aregular|font_style:400%20regular%3A400%3Anormal&#8221;][vc_column_text css_animation=&#8221;bounceInRight&#8221;] EUROPA IMPORTACIONES FLEX S.A.S.\u00a0 es una empresa productora y comercializadora d\u00e9 mobiliario para el hogar, inspirada en los aires y car\u00e1cter del viejo continente. Somos la primera casa de dise\u00f1o del departamento d\u00e9 Cundinamarca.\u00a0 Ya son m\u00e1s d\u00e9 20 a\u00f1os al lado de los hogares en [&hellip;]<\/p>\n","protected":false},"author":1,"featured_media":0,"parent":0,"menu_order":0,"comment_status":"closed","ping_status":"closed","template":"templates\/template_page-full-width.php","meta":{"footnotes":""},"jetpack_sharing_enabled":true,"_links":{"self":[{"href":"https:\/\/europaimportaciones.com.co\/index.php\/wp-json\/wp\/v2\/pages\/165"}],"collection":[{"href":"https:\/\/europaimportaciones.com.co\/index.php\/wp-json\/wp\/v2\/pages"}],"about":[{"href":"https:\/\/europaimportaciones.com.co\/index.php\/wp-json\/wp\/v2\/types\/page"}],"author":[{"embeddable":true,"href":"https:\/\/europaimportaciones.com.co\/index.php\/wp-json\/wp\/v2\/users\/1"}],"replies":[{"embeddable":true,"href":"https:\/\/europaimportaciones.com.co\/index.php\/wp-json\/wp\/v2\/comments?post=165"}],"version-history":[{"count":4,"href":"https:\/\/europaimportaciones.com.co\/index.php\/wp-json\/wp\/v2\/pages\/165\/revisions"}],"predecessor-version":[{"id":174,"href":"https:\/\/europaimportaciones.com.co\/index.php\/wp-json\/wp\/v2\/pages\/165\/revisions\/174"}],"wp:attachment":[{"href":"https:\/\/europaimportaciones.com.co\/index.php\/wp-json\/wp\/v2\/media?parent=165"}],"curies":[{"name":"wp","href":"https:\/\/api.w.org\/{rel}","templated":true}]}}