{"id":13,"date":"2023-03-23T09:41:01","date_gmt":"2023-03-23T14:41:01","guid":{"rendered":"https:\/\/europaimportaciones.com.co\/?page_id=13"},"modified":"2024-12-12T13:49:24","modified_gmt":"2024-12-12T18:49:24","slug":"contacto","status":"publish","type":"page","link":"https:\/\/europaimportaciones.com.co\/index.php\/contacto\/","title":{"rendered":"Cont\u00e1cto"},"content":{"rendered":"<section class=\"wpb-content-wrapper\"><p>[vc_row][vc_column]<div class=\"ult-spacer spacer-69f0efb694667\" data-id=\"69f0efb694667\" data-height=\"10\" data-height-mobile=\"10\" data-height-tab=\"10\" data-height-tab-portrait=\"\" data-height-mobile-landscape=\"\" style=\"clear:both;display:block;\"><\/div><div class=\"ult-spacer spacer-69f0efb69468d\" data-id=\"69f0efb69468d\" data-height=\"10\" data-height-mobile=\"10\" data-height-tab=\"10\" data-height-tab-portrait=\"\" data-height-mobile-landscape=\"\" style=\"clear:both;display:block;\"><\/div>[vc_custom_heading text=&#8221;ENCUENTRANOS AQU\u00cd&#8221; font_container=&#8221;tag:h1|text_align:left|color:%23ffffff&#8221; google_fonts=&#8221;font_family:Alef%3Aregular%2C700|font_style:400%20regular%3A400%3Anormal&#8221; css=&#8221;.vc_custom_1696348140663{background-color: #4a148c !important;}&#8221;]<div class=\"ult-spacer spacer-69f0efb6946a0\" data-id=\"69f0efb6946a0\" data-height=\"10\" data-height-mobile=\"10\" data-height-tab=\"10\" data-height-tab-portrait=\"\" data-height-mobile-landscape=\"\" style=\"clear:both;display:block;\"><\/div><div class=\"ult-spacer spacer-69f0efb6946b0\" data-id=\"69f0efb6946b0\" data-height=\"10\" data-height-mobile=\"10\" data-height-tab=\"10\" data-height-tab-portrait=\"\" data-height-mobile-landscape=\"\" style=\"clear:both;display:block;\"><\/div>[vc_row_inner][vc_column_inner]<div class=\"ult-spacer spacer-69f0efb6946bf\" data-id=\"69f0efb6946bf\" data-height=\"10\" data-height-mobile=\"10\" data-height-tab=\"10\" data-height-tab-portrait=\"\" data-height-mobile-landscape=\"\" style=\"clear:both;display:block;\"><\/div>[vc_gmaps link=&#8221;#E-8_JTNDaWZyYW1lJTIwc3JjJTNEJTIyaHR0cHMlM0ElMkYlMkZ3d3cuZ29vZ2xlLmNvbSUyRm1hcHMlMkZlbWJlZCUzRnBiJTNEJTIxMW0xOCUyMTFtMTIlMjExbTMlMjExZDM5NzYuOTg3NjY2NTQyMzk2NyUyMTJkLTc0LjE5MjU4MzUyNDExODIyJTIxM2Q0LjU5NjIzMTc0MjU1MjUwMSUyMTJtMyUyMTFmMCUyMTJmMCUyMTNmMCUyMTNtMiUyMTFpMTAyNCUyMTJpNzY4JTIxNGYxMy4xJTIxM20zJTIxMW0yJTIxMXMweDhlM2Y5ZTQ4ZGNmYmI3OTUlMjUzQTB4MTIzYzIwZmU0NDFjM2VhOSUyMTJzQ3JhLiUyNTIwMTMlMjUyMCUyNTIzNTMtOTElMjUyQyUyNTIwU29hY2hhJTI1MkMlMjUyMEN1bmRpbmFtYXJjYSUyMTVlMCUyMTNtMiUyMTFzZXMlMjEyc2NvJTIxNHYxNjk2MzQ1OTQ4MDU1JTIxNW0yJTIxMXNlcyUyMTJzY28lMjIlMjB3aWR0aCUzRCUyMjYwMCUyMiUyMGhlaWdodCUzRCUyMjQ1MCUyMiUyMHN0eWxlJTNEJTIyYm9yZGVyJTNBMCUzQiUyMiUyMGFsbG93ZnVsbHNjcmVlbiUzRCUyMiUyMiUyMGxvYWRpbmclM0QlMjJsYXp5JTIyJTIwcmVmZXJyZXJwb2xpY3klM0QlMjJuby1yZWZlcnJlci13aGVuLWRvd25ncmFkZSUyMiUzRSUzQyUyRmlmcmFtZSUzRQ==&#8221; size=&#8221;300px&#8221;][\/vc_column_inner][\/vc_row_inner]<div class=\"ult-spacer spacer-69f0efb6946cd\" data-id=\"69f0efb6946cd\" data-height=\"10\" data-height-mobile=\"10\" data-height-tab=\"10\" data-height-tab-portrait=\"\" data-height-mobile-landscape=\"\" style=\"clear:both;display:block;\"><\/div>[vc_custom_heading text=&#8221;Tenemos atenci\u00f3n multicanal. No esperes m\u00e1s y cont\u00e1ctanos por la canal que quieras.&#8221; font_container=&#8221;tag:h1|font_size:30|text_align:center&#8221; google_fonts=&#8221;font_family:Abel%3Aregular|font_style:400%20regular%3A400%3Anormal&#8221;]<div class=\"ult-spacer spacer-69f0efb6946db\" data-id=\"69f0efb6946db\" data-height=\"10\" data-height-mobile=\"10\" data-height-tab=\"10\" data-height-tab-portrait=\"\" data-height-mobile-landscape=\"\" style=\"clear:both;display:block;\"><\/div>[\/vc_column][\/vc_row][vc_row][vc_column]<div class=\"ult-spacer spacer-69f0efb6946e8\" data-id=\"69f0efb6946e8\" data-height=\"10\" data-height-mobile=\"10\" data-height-tab=\"10\" data-height-tab-portrait=\"\" data-height-mobile-landscape=\"\" style=\"clear:both;display:block;\"><\/div><div class=\"uavc-list-icon uavc-list-icon-wrapper ult-adjust-bottom-margin   \"><ul class=\"uavc-list\"><li><div class=\"uavc-list-content\" id=\"list-icon-wrap-9124\">\n<div class=\"uavc-list-icon  \" data-animation=\"\" data-animation-delay=\"03\" style=\"margin-right:5px;\"><div class=\"ult-just-icon-wrapper  \"><div class=\"align-icon\" style=\"text-align:center;\">\n<div class=\"aio-icon circle \"  style=\"color:#81d742;background:#ffffff;font-size:32px;display:inline-block;\">\n\t<i class=\"Defaults-whatsapp\"><\/i>\n<\/div><\/div><\/div>\n<\/div><span  data-ultimate-target='#list-icon-wrap-9124 .uavc-list-desc'  data-responsive-json-new='{\"font-size\":\"\",\"line-height\":\"\"}'  class=\"uavc-list-desc ult-responsive\" style=\"\"><\/p>\n<h4>\u00a0 \u00a0+57\u00a0 , Cont\u00e1ctanos <a href=\"https:\/\/api.whatsapp.com\/send?phone=+573502689963&amp;text=Hola+Europa+Importaciones%2C+v%C3%AD+tu+sitio+web+y+quiero+cotizar\">YA\u00a0\u00a0<\/a><\/h4>\n<p><\/span><\/div><\/li><li><div class=\"uavc-list-content\" id=\"list-icon-wrap-5694\">\n<div class=\"uavc-list-icon  \" data-animation=\"\" data-animation-delay=\"03\" style=\"margin-right:5px;\"><div class=\"ult-just-icon-wrapper  \"><div class=\"align-icon\" style=\"text-align:center;\">\n<div class=\"aio-icon circle \"  style=\"color:#c924e2;background:#ffffff;font-size:32px;display:inline-block;\">\n\t<i class=\"Defaults-instagram\"><\/i>\n<\/div><\/div><\/div>\n<\/div><span  data-ultimate-target='#list-icon-wrap-5694 .uavc-list-desc'  data-responsive-json-new='{\"font-size\":\"\",\"line-height\":\"\"}'  class=\"uavc-list-desc ult-responsive\" style=\"\"><\/p>\n<h4>\u00a0 \u00a0 @europaimportacionesflex<\/h4>\n<p><\/span><\/div><\/li><li><div class=\"uavc-list-content\" id=\"list-icon-wrap-5488\">\n<div class=\"uavc-list-icon  \" data-animation=\"\" data-animation-delay=\"03\" style=\"margin-right:5px;\"><div class=\"ult-just-icon-wrapper  \"><div class=\"align-icon\" style=\"text-align:center;\">\n<div class=\"aio-icon circle \"  style=\"color:#1e73be;background:#ffffff;font-size:32px;display:inline-block;\">\n\t<i class=\"Defaults-envelope-o\"><\/i>\n<\/div><\/div><\/div>\n<\/div><span  data-ultimate-target='#list-icon-wrap-5488 .uavc-list-desc'  data-responsive-json-new='{\"font-size\":\"\",\"line-height\":\"\"}'  class=\"uavc-list-desc ult-responsive\" style=\"\"><\/p>\n<h4>\u00a0 \u00a0 hola@europaimportaciones.com.co<\/h4>\n<p><\/span><\/div><\/li><li><div class=\"uavc-list-content\" id=\"list-icon-wrap-3997\">\n<div class=\"uavc-list-icon  \" data-animation=\"\" data-animation-delay=\"03\" style=\"margin-right:5px;\"><div class=\"ult-just-icon-wrapper  \"><div class=\"align-icon\" style=\"text-align:center;\">\n<div class=\"aio-icon circle \"  style=\"color:#1f36c6;background:#ffffff;font-size:32px;display:inline-block;\">\n\t<i class=\"Defaults-facebook facebook-f\"><\/i>\n<\/div><\/div><\/div>\n<\/div><span  data-ultimate-target='#list-icon-wrap-3997 .uavc-list-desc'  data-responsive-json-new='{\"font-size\":\"\",\"line-height\":\"\"}'  class=\"uavc-list-desc ult-responsive\" style=\"\"><\/p>\n<h4 class=\"x1heor9g x1qlqyl8 x1pd3egz x1a2a7pz\" tabindex=\"-1\">\u00a0 \u00a0 Europa Importaciones Flex, ingresa <a href=\"https:\/\/www.facebook.com\/europaimportacionesflex\">Aqu\u00ed<\/a><\/h4>\n<p><\/span><\/div><\/li><li><div class=\"uavc-list-content\" id=\"list-icon-wrap-7721\">\n<div class=\"uavc-list-icon  \" data-animation=\"\" data-animation-delay=\"03\" style=\"margin-right:5px;\"><div class=\"ult-just-icon-wrapper  \"><div class=\"align-icon\" style=\"text-align:center;\">\n<div class=\"aio-icon circle \"  style=\"color:#dd9933;background:#ffffff;font-size:32px;display:inline-block;\">\n\t<i class=\"Defaults-phone\"><\/i>\n<\/div><\/div><\/div>\n<\/div><span  data-ultimate-target='#list-icon-wrap-7721 .uavc-list-desc'  data-responsive-json-new='{\"font-size\":\"\",\"line-height\":\"\"}'  class=\"uavc-list-desc ult-responsive\" style=\"\"><\/p>\n<h4>\u00a0 \u00a0 Ll\u00e1manos al<\/h4>\n<p><\/span><\/div><\/li><\/ul><\/div>[\/vc_column][\/vc_row][vc_row][vc_column]<div class=\"ult-spacer spacer-69f0efb694c7e\" data-id=\"69f0efb694c7e\" data-height=\"\" data-height-mobile=\"\" data-height-tab=\"\" data-height-tab-portrait=\"\" data-height-mobile-landscape=\"\" style=\"clear:both;display:block;\"><\/div>[vc_raw_html]JTNDdmlkZW8lMjBzcmMlM0QlMjJodHRwJTNBJTJGJTJGZXVyb3BhaW1wb3J0YWNpb25lcy5jb20uY28lMkZ3cC1jb250ZW50JTJGdXBsb2FkcyUyRjIwMjMlMkYxMCUyRmZvcl9jb250YWMubXA0JTIyJTIwJTIwJTIwd2lkdGglM0QlMjIlMjIlMjBoZWlnaHQlM0QlMjI0ODAlMjIlMjBhdXRvcGxheSUyMG11dGVkJTIwbG9vcCUyMHBvc3RlciUzRCUyMnZpc3RhcHJldmlhLmpwZyUyMiUyMGNsYXNzJTNEJTIyY29sLW1kLTEyJTIwY29sLWxnLTEyJTIwY29sLXNtLTEyJTIyJTNFJTBBTG8lMjBzZW50aW1vcy4lMjBFc3RlJTIwdiVDMyVBRGRlbyUyMG5vJTIwcHVlZGUlMjBzZXIlMjByZXByb2R1Y2lkbyUyMGVuJTIwdHUlMjBuYXZlZ2Fkb3IuJTNDYnIlM0UlMEFMYSUyMHZlcnNpJUMzJUIzbiUyMGRlc2NhcmdhYmxlJTIwZXN0JUMzJUExJTIwZGlzcG9uaWJsZSUyMGVuJTIwJTNDYSUyMGhyZWYlM0QlMjJVUkwlMjIlM0VFbmxhY2UlM0MlMkZhJTNFLiUyMCUwQSUzQyUyRnZpZGVvJTNF[\/vc_raw_html][\/vc_column][\/vc_row]<\/p>\n<\/section>","protected":false},"excerpt":{"rendered":"<p>[vc_row][vc_column][vc_custom_heading text=&#8221;ENCUENTRANOS AQU\u00cd&#8221; font_container=&#8221;tag:h1|text_align:left|color:%23ffffff&#8221; google_fonts=&#8221;font_family:Alef%3Aregular%2C700|font_style:400%20regular%3A400%3Anormal&#8221; css=&#8221;.vc_custom_1696348140663{background-color: #4a148c !important;}&#8221;][vc_row_inner][vc_column_inner][vc_gmaps link=&#8221;#E-8_JTNDaWZyYW1lJTIwc3JjJTNEJTIyaHR0cHMlM0ElMkYlMkZ3d3cuZ29vZ2xlLmNvbSUyRm1hcHMlMkZlbWJlZCUzRnBiJTNEJTIxMW0xOCUyMTFtMTIlMjExbTMlMjExZDM5NzYuOTg3NjY2NTQyMzk2NyUyMTJkLTc0LjE5MjU4MzUyNDExODIyJTIxM2Q0LjU5NjIzMTc0MjU1MjUwMSUyMTJtMyUyMTFmMCUyMTJmMCUyMTNmMCUyMTNtMiUyMTFpMTAyNCUyMTJpNzY4JTIxNGYxMy4xJTIxM20zJTIxMW0yJTIxMXMweDhlM2Y5ZTQ4ZGNmYmI3OTUlMjUzQTB4MTIzYzIwZmU0NDFjM2VhOSUyMTJzQ3JhLiUyNTIwMTMlMjUyMCUyNTIzNTMtOTElMjUyQyUyNTIwU29hY2hhJTI1MkMlMjUyMEN1bmRpbmFtYXJjYSUyMTVlMCUyMTNtMiUyMTFzZXMlMjEyc2NvJTIxNHYxNjk2MzQ1OTQ4MDU1JTIxNW0yJTIxMXNlcyUyMTJzY28lMjIlMjB3aWR0aCUzRCUyMjYwMCUyMiUyMGhlaWdodCUzRCUyMjQ1MCUyMiUyMHN0eWxlJTNEJTIyYm9yZGVyJTNBMCUzQiUyMiUyMGFsbG93ZnVsbHNjcmVlbiUzRCUyMiUyMiUyMGxvYWRpbmclM0QlMjJsYXp5JTIyJTIwcmVmZXJyZXJwb2xpY3klM0QlMjJuby1yZWZlcnJlci13aGVuLWRvd25ncmFkZSUyMiUzRSUzQyUyRmlmcmFtZSUzRQ==&#8221; size=&#8221;300px&#8221;][\/vc_column_inner][\/vc_row_inner][vc_custom_heading text=&#8221;Tenemos atenci\u00f3n multicanal. No esperes m\u00e1s y cont\u00e1ctanos por la canal que quieras.&#8221; font_container=&#8221;tag:h1|font_size:30|text_align:center&#8221; google_fonts=&#8221;font_family:Abel%3Aregular|font_style:400%20regular%3A400%3Anormal&#8221;][\/vc_column][\/vc_row][vc_row][vc_column][\/vc_column][\/vc_row][vc_row][vc_column][vc_raw_html]JTNDdmlkZW8lMjBzcmMlM0QlMjJodHRwJTNBJTJGJTJGZXVyb3BhaW1wb3J0YWNpb25lcy5jb20uY28lMkZ3cC1jb250ZW50JTJGdXBsb2FkcyUyRjIwMjMlMkYxMCUyRmZvcl9jb250YWMubXA0JTIyJTIwJTIwJTIwd2lkdGglM0QlMjIlMjIlMjBoZWlnaHQlM0QlMjI0ODAlMjIlMjBhdXRvcGxheSUyMG11dGVkJTIwbG9vcCUyMHBvc3RlciUzRCUyMnZpc3RhcHJldmlhLmpwZyUyMiUyMGNsYXNzJTNEJTIyY29sLW1kLTEyJTIwY29sLWxnLTEyJTIwY29sLXNtLTEyJTIyJTNFJTBBTG8lMjBzZW50aW1vcy4lMjBFc3RlJTIwdiVDMyVBRGRlbyUyMG5vJTIwcHVlZGUlMjBzZXIlMjByZXByb2R1Y2lkbyUyMGVuJTIwdHUlMjBuYXZlZ2Fkb3IuJTNDYnIlM0UlMEFMYSUyMHZlcnNpJUMzJUIzbiUyMGRlc2NhcmdhYmxlJTIwZXN0JUMzJUExJTIwZGlzcG9uaWJsZSUyMGVuJTIwJTNDYSUyMGhyZWYlM0QlMjJVUkwlMjIlM0VFbmxhY2UlM0MlMkZhJTNFLiUyMCUwQSUzQyUyRnZpZGVvJTNF[\/vc_raw_html][\/vc_column][\/vc_row]<\/p>\n","protected":false},"author":1,"featured_media":0,"parent":0,"menu_order":0,"comment_status":"closed","ping_status":"closed","template":"templates\/template_page-full-width.php","meta":{"footnotes":""},"jetpack_sharing_enabled":true,"_links":{"self":[{"href":"https:\/\/europaimportaciones.com.co\/index.php\/wp-json\/wp\/v2\/pages\/13"}],"collection":[{"href":"https:\/\/europaimportaciones.com.co\/index.php\/wp-json\/wp\/v2\/pages"}],"about":[{"href":"https:\/\/europaimportaciones.com.co\/index.php\/wp-json\/wp\/v2\/types\/page"}],"author":[{"embeddable":true,"href":"https:\/\/europaimportaciones.com.co\/index.php\/wp-json\/wp\/v2\/users\/1"}],"replies":[{"embeddable":true,"href":"https:\/\/europaimportaciones.com.co\/index.php\/wp-json\/wp\/v2\/comments?post=13"}],"version-history":[{"count":15,"href":"https:\/\/europaimportaciones.com.co\/index.php\/wp-json\/wp\/v2\/pages\/13\/revisions"}],"predecessor-version":[{"id":539,"href":"https:\/\/europaimportaciones.com.co\/index.php\/wp-json\/wp\/v2\/pages\/13\/revisions\/539"}],"wp:attachment":[{"href":"https:\/\/europaimportaciones.com.co\/index.php\/wp-json\/wp\/v2\/media?parent=13"}],"curies":[{"name":"wp","href":"https:\/\/api.w.org\/{rel}","templated":true}]}}