{"id":12,"date":"2023-03-23T09:41:01","date_gmt":"2023-03-23T14:41:01","guid":{"rendered":"https:\/\/europaimportaciones.com.co\/?page_id=12"},"modified":"2023-10-03T09:49:06","modified_gmt":"2023-10-03T14:49:06","slug":"credito","status":"publish","type":"page","link":"https:\/\/europaimportaciones.com.co\/index.php\/credito\/","title":{"rendered":"Cr\u00e9dito"},"content":{"rendered":"<section class=\"wpb-content-wrapper\"><p>[vc_row][vc_column][vc_custom_heading text=&#8221;\u00bf SABES C\u00d3MO FUNCIONA NUESTRO SISTEMA DE FINANCIACI\u00d3N ?&#8221; font_container=&#8221;tag:h1|font_size:60|text_align:left|color:%23af24a0&#8243; google_fonts=&#8221;font_family:Buenard%3Aregular%2C700|font_style:400%20regular%3A400%3Anormal&#8221;][\/vc_column][\/vc_row][vc_row][vc_column]<div class=\"ult-spacer spacer-69f0efb60a1f8\" data-id=\"69f0efb60a1f8\" data-height=\"30\" data-height-mobile=\"30\" data-height-tab=\"30\" data-height-tab-portrait=\"\" data-height-mobile-landscape=\"\" style=\"clear:both;display:block;\"><\/div><div class=\"ult-spacer spacer-69f0efb60a225\" data-id=\"69f0efb60a225\" data-height=\"30\" data-height-mobile=\"30\" data-height-tab=\"30\" data-height-tab-portrait=\"\" data-height-mobile-landscape=\"\" style=\"clear:both;display:block;\"><\/div>[\/vc_column][\/vc_row][vc_row equal_height=&#8221;yes&#8221;][vc_column width=&#8221;1\/2&#8243;][vc_single_image image=&#8221;115&#8243; img_size=&#8221;full&#8221;][\/vc_column][vc_column width=&#8221;1\/2&#8243;][vc_column_text]<\/p>\n<p style=\"text-align: justify; font-size: 25px;\"><span style=\"vertical-align: inherit;\"><span style=\"vertical-align: inherit;\">Nuestro portafolio de productos est\u00e1 a\u00a0 disposici\u00f3n con el servicio <\/span><\/span><strong><span style=\"vertical-align: inherit;\"><span style=\"vertical-align: inherit;\">A CR\u00c9DITO<\/span><\/span><\/strong><span style=\"vertical-align: inherit;\"><span style=\"vertical-align: inherit;\">, el cual permite cancelar su cr\u00e9dito\u00a0 \u00a0en 6, 12 y hasta\u00a0 <strong>24 <\/strong><\/span><\/span><span style=\"vertical-align: inherit;\"><span style=\"vertical-align: inherit;\"><strong>\u00a0<\/strong>cuotas .<\/span><\/span><\/p>\n<p>[\/vc_column_text]<div class=\"ult-spacer spacer-69f0efb60a245\" data-id=\"69f0efb60a245\" data-height=\"10\" data-height-mobile=\"10\" data-height-tab=\"10\" data-height-tab-portrait=\"\" data-height-mobile-landscape=\"\" style=\"clear:both;display:block;\"><\/div>[vc_custom_heading text=&#8221;Salas, Cocinas, colchones, camas y m\u00e1s.&#8221; font_container=&#8221;tag:h2|text_align:left|color:%2359554a&#8221; google_fonts=&#8221;font_family:Antic%20Slab%3Aregular|font_style:400%20regular%3A400%3Anormal&#8221;]<div class=\"ult-spacer spacer-69f0efb60a25d\" data-id=\"69f0efb60a25d\" data-height=\"10\" data-height-mobile=\"10\" data-height-tab=\"10\" data-height-tab-portrait=\"\" data-height-mobile-landscape=\"\" style=\"clear:both;display:block;\"><\/div><div class=\"ult-spacer spacer-69f0efb60a275\" data-id=\"69f0efb60a275\" data-height=\"10\" data-height-mobile=\"10\" data-height-tab=\"10\" data-height-tab-portrait=\"\" data-height-mobile-landscape=\"\" style=\"clear:both;display:block;\"><\/div>[vc_custom_heading text=&#8221;\u00bfQUE NECESITAS?&#8221; font_container=&#8221;tag:h2|text_align:center&#8221; google_fonts=&#8221;font_family:Alegreya%20SC%3Aregular%2Citalic%2C700%2C700italic%2C900%2C900italic|font_style:400%20regular%3A400%3Anormal&#8221;]<div class=\"ult-spacer spacer-69f0efb60a28b\" data-id=\"69f0efb60a28b\" data-height=\"10\" data-height-mobile=\"10\" data-height-tab=\"10\" data-height-tab-portrait=\"\" data-height-mobile-landscape=\"\" style=\"clear:both;display:block;\"><\/div><div class=\"ult-spacer spacer-69f0efb60a29f\" data-id=\"69f0efb60a29f\" data-height=\"10\" data-height-mobile=\"10\" data-height-tab=\"10\" data-height-tab-portrait=\"\" data-height-mobile-landscape=\"\" style=\"clear:both;display:block;\"><\/div>[vc_column_text]<\/p>\n<h1 style=\"text-align: center;\"><strong>DOCUMENTO + 20 MIN <\/strong><strong style=\"font-size: 45px;\">=<\/strong><\/h1>\n<h1 style=\"text-align: center;\"><strong style=\"font-size: 50px; color: #af24a0;\"> RENOVACI\u00d3N\u00a0<\/strong><\/h1>\n<p>[\/vc_column_text]<div class=\"ult-spacer spacer-69f0efb60a2b3\" data-id=\"69f0efb60a2b3\" data-height=\"10\" data-height-mobile=\"10\" data-height-tab=\"10\" data-height-tab-portrait=\"\" data-height-mobile-landscape=\"\" style=\"clear:both;display:block;\"><\/div><div class=\"ult-spacer spacer-69f0efb60a2c8\" data-id=\"69f0efb60a2c8\" data-height=\"10\" data-height-mobile=\"10\" data-height-tab=\"10\" data-height-tab-portrait=\"\" data-height-mobile-landscape=\"\" style=\"clear:both;display:block;\"><\/div><div class=\"ult-spacer spacer-69f0efb60a2db\" data-id=\"69f0efb60a2db\" data-height=\"10\" data-height-mobile=\"10\" data-height-tab=\"10\" data-height-tab-portrait=\"\" data-height-mobile-landscape=\"\" style=\"clear:both;display:block;\"><\/div>[vc_btn title=&#8221;CONTACTAR UN ASESOR&#8221; style=&#8221;3d&#8221; color=&#8221;success&#8221; align=&#8221;right&#8221; i_icon_fontawesome=&#8221;fab fa-whatsapp&#8221; add_icon=&#8221;true&#8221; link=&#8221;url:https%3A%2F%2Fapi.whatsapp.com%2Fsend%3Fphone%3D%2B573502689963%26text%3DHola%2BEuropa%2BImportaciones%252C%2Bv%25C3%25AD%2Btu%2Bsitio%2Bweb%2By%2Bquiero%2Bcotizar|title:Cont%C3%A1ctanos|target:_blank&#8221;][\/vc_column][\/vc_row][vc_row full_width=&#8221;stretch_row_content_no_spaces&#8221; bg_type=&#8221;image&#8221; parallax_style=&#8221;vcpb-default&#8221; bg_image_new=&#8221;id^121|url^http:\/\/europaimportaciones.com.co\/wp-content\/uploads\/2023\/04\/mujer-sonriente-camisa-sosteniendo-reloj-scaled.jpg|caption^Smiling Woman in shirt holding the clock in hand and pointing at their|alt^null|title^Smiling Woman in shirt holding the clock|description^null&#8221;][vc_column][vc_row_inner][vc_column_inner width=&#8221;1\/12&#8243;][\/vc_column_inner][vc_column_inner width=&#8221;1\/6&#8243;][\/vc_column_inner][vc_column_inner width=&#8221;1\/3&#8243; css=&#8221;.vc_custom_1680732786213{background-color: rgba(255,255,255,0.66) !important;*background-color: rgb(255,255,255) !important;}&#8221;]<div class=\"ult-spacer spacer-69f0efb60a2ee\" data-id=\"69f0efb60a2ee\" data-height=\"10\" data-height-mobile=\"10\" data-height-tab=\"10\" data-height-tab-portrait=\"\" data-height-mobile-landscape=\"\" style=\"clear:both;display:block;\"><\/div>[vc_custom_heading text=&#8221;CU\u00c9NTANOS \u00bfQUE DESEAS COMPRAR?&#8221; font_container=&#8221;tag:h2|text_align:center&#8221; google_fonts=&#8221;font_family:Actor%3Aregular|font_style:400%20regular%3A400%3Anormal&#8221;]<div class=\"ult-spacer spacer-69f0efb60a2fe\" data-id=\"69f0efb60a2fe\" data-height=\"10\" data-height-mobile=\"10\" data-height-tab=\"10\" data-height-tab-portrait=\"\" data-height-mobile-landscape=\"\" style=\"clear:both;display:block;\"><\/div>\n<div class=\"wpcf7 no-js\" id=\"wpcf7-f142-o1\" lang=\"es-CO\" dir=\"ltr\">\n<div class=\"screen-reader-response\"><p role=\"status\" aria-live=\"polite\" aria-atomic=\"true\"><\/p> <ul><\/ul><\/div>\n<form action=\"\/index.php\/wp-json\/wp\/v2\/pages\/12#wpcf7-f142-o1\" method=\"post\" class=\"wpcf7-form init\" aria-label=\"Formulario de contacto\" novalidate=\"novalidate\" data-status=\"init\">\n<div style=\"display: none;\">\n<input type=\"hidden\" name=\"_wpcf7\" value=\"142\" \/>\n<input type=\"hidden\" name=\"_wpcf7_version\" value=\"5.9.3\" \/>\n<input type=\"hidden\" name=\"_wpcf7_locale\" value=\"es_CO\" \/>\n<input type=\"hidden\" name=\"_wpcf7_unit_tag\" value=\"wpcf7-f142-o1\" \/>\n<input type=\"hidden\" name=\"_wpcf7_container_post\" value=\"0\" \/>\n<input type=\"hidden\" name=\"_wpcf7_posted_data_hash\" value=\"\" \/>\n<\/div>\n<p><label class= \"p-2\"> NOMBRES Y APELLIDOS<br \/>\n<span class=\"wpcf7-form-control-wrap\" data-name=\"your-name\"><input size=\"40\" class=\"wpcf7-form-control wpcf7-text wpcf7-validates-as-required\" autocomplete=\"name\" aria-required=\"true\" aria-invalid=\"false\" value=\"\" type=\"text\" name=\"your-name\" \/><\/span> <\/label>\n<\/p>\n<p><label class= \"p-2\"> CORREO ELECTRONICO<br \/>\n<span class=\"wpcf7-form-control-wrap\" data-name=\"your-email\"><input size=\"40\" class=\"wpcf7-form-control wpcf7-email wpcf7-validates-as-required wpcf7-text wpcf7-validates-as-email\" autocomplete=\"email\" aria-required=\"true\" aria-invalid=\"false\" value=\"\" type=\"email\" name=\"your-email\" \/><\/span> <\/label>\n<\/p>\n<p><label class= \"p-2\"> ASUNTO<br \/>\n<span class=\"wpcf7-form-control-wrap\" data-name=\"your-subject\"><input size=\"40\" class=\"wpcf7-form-control wpcf7-text wpcf7-validates-as-required\" aria-required=\"true\" aria-invalid=\"false\" value=\"\" type=\"text\" name=\"your-subject\" \/><\/span> <\/label>\n<\/p>\n<p><label class= \"p-2\"> \u00bfQUE DESEAS COMPRAR?<br \/>\n<span class=\"wpcf7-form-control-wrap\" data-name=\"your-message\"><textarea cols=\"40\" rows=\"10\" class=\"wpcf7-form-control wpcf7-textarea\" aria-invalid=\"false\" name=\"your-message\"><\/textarea><\/span> <\/label>\n<\/p>\n<p><input class=\"wpcf7-form-control wpcf7-submit has-spinner\" type=\"submit\" value=\"Enviar\" \/>\n<\/p><div class=\"wpcf7-response-output\" aria-hidden=\"true\"><\/div>\n<\/form>\n<\/div>\n[\/vc_column_inner][vc_column_inner width=&#8221;1\/4&#8243;][\/vc_column_inner][\/vc_row_inner][\/vc_column][\/vc_row]<\/p>\n<\/section>","protected":false},"excerpt":{"rendered":"<p>[vc_row][vc_column][vc_custom_heading text=&#8221;\u00bf SABES C\u00d3MO FUNCIONA NUESTRO SISTEMA DE FINANCIACI\u00d3N ?&#8221; font_container=&#8221;tag:h1|font_size:60|text_align:left|color:%23af24a0&#8243; google_fonts=&#8221;font_family:Buenard%3Aregular%2C700|font_style:400%20regular%3A400%3Anormal&#8221;][\/vc_column][\/vc_row][vc_row][vc_column][\/vc_column][\/vc_row][vc_row equal_height=&#8221;yes&#8221;][vc_column width=&#8221;1\/2&#8243;][vc_single_image image=&#8221;115&#8243; img_size=&#8221;full&#8221;][\/vc_column][vc_column width=&#8221;1\/2&#8243;][vc_column_text] Nuestro portafolio de productos est\u00e1 a\u00a0 disposici\u00f3n con el servicio A CR\u00c9DITO, el cual permite cancelar su cr\u00e9dito\u00a0 \u00a0en 6, 12 y hasta\u00a0 24 \u00a0cuotas . [\/vc_column_text][vc_custom_heading text=&#8221;Salas, Cocinas, colchones, camas y m\u00e1s.&#8221; font_container=&#8221;tag:h2|text_align:left|color:%2359554a&#8221; google_fonts=&#8221;font_family:Antic%20Slab%3Aregular|font_style:400%20regular%3A400%3Anormal&#8221;][vc_custom_heading text=&#8221;\u00bfQUE NECESITAS?&#8221; font_container=&#8221;tag:h2|text_align:center&#8221; [&hellip;]<\/p>\n","protected":false},"author":1,"featured_media":0,"parent":0,"menu_order":0,"comment_status":"closed","ping_status":"closed","template":"templates\/template_page-full-width.php","meta":{"footnotes":""},"jetpack_sharing_enabled":true,"_links":{"self":[{"href":"https:\/\/europaimportaciones.com.co\/index.php\/wp-json\/wp\/v2\/pages\/12"}],"collection":[{"href":"https:\/\/europaimportaciones.com.co\/index.php\/wp-json\/wp\/v2\/pages"}],"about":[{"href":"https:\/\/europaimportaciones.com.co\/index.php\/wp-json\/wp\/v2\/types\/page"}],"author":[{"embeddable":true,"href":"https:\/\/europaimportaciones.com.co\/index.php\/wp-json\/wp\/v2\/users\/1"}],"replies":[{"embeddable":true,"href":"https:\/\/europaimportaciones.com.co\/index.php\/wp-json\/wp\/v2\/comments?post=12"}],"version-history":[{"count":33,"href":"https:\/\/europaimportaciones.com.co\/index.php\/wp-json\/wp\/v2\/pages\/12\/revisions"}],"predecessor-version":[{"id":261,"href":"https:\/\/europaimportaciones.com.co\/index.php\/wp-json\/wp\/v2\/pages\/12\/revisions\/261"}],"wp:attachment":[{"href":"https:\/\/europaimportaciones.com.co\/index.php\/wp-json\/wp\/v2\/media?parent=12"}],"curies":[{"name":"wp","href":"https:\/\/api.w.org\/{rel}","templated":true}]}}