{"id":11,"date":"2023-03-23T09:41:01","date_gmt":"2023-03-23T14:41:01","guid":{"rendered":"https:\/\/europaimportaciones.com.co\/?page_id=11"},"modified":"2023-08-22T11:22:10","modified_gmt":"2023-08-22T16:22:10","slug":"somos","status":"publish","type":"page","link":"https:\/\/europaimportaciones.com.co\/index.php\/somos\/","title":{"rendered":"Nosotros"},"content":{"rendered":"<section class=\"wpb-content-wrapper\"><p>[vc_section][vc_row][vc_column width=&#8221;5\/12&#8243;]<div class=\"ult-spacer spacer-69f0efb58dbf7\" data-id=\"69f0efb58dbf7\" data-height=\"\" data-height-mobile=\"\" data-height-tab=\"\" data-height-tab-portrait=\"\" data-height-mobile-landscape=\"\" style=\"clear:both;display:block;\"><\/div>[vc_single_image image=&#8221;5&#8243; img_size=&#8221;full&#8221;]<div class=\"ult-spacer spacer-69f0efb58dc20\" data-id=\"69f0efb58dc20\" data-height=\"\" data-height-mobile=\"\" data-height-tab=\"\" data-height-tab-portrait=\"\" data-height-mobile-landscape=\"\" style=\"clear:both;display:block;\"><\/div>[vc_custom_heading text=&#8221;M\u00c1S QUE MUEBLES&#8221; font_container=&#8221;tag:h1|font_size:45|text_align:center|color:%23af24a0&#8243; google_fonts=&#8221;font_family:Andika%3Aregular|font_style:400%20regular%3A400%3Anormal&#8221;][vc_column_text]<\/p>\n<p style=\"font-size: 19px; text-align: justify;\">Somos un equipo de so\u00f1adores, que buscamos hacer de cada hogar un lugar m\u00e1s c\u00f3modo y hermoso.<\/p>\n<p style=\"font-size: 19px; text-align: justify;\">Entendemos que los muebles son el secreto para hacer de los espacios lugares de comodidad, paz, tranquilidad y belleza.<\/p>\n<p style=\"font-size: 19px; text-align: justify;\">Es por eso, que nos ocupamos de cada detalle, trabajamos a diario\u00a0 \u00a0para entregar lo mejor a la mayor cantidad de personas posible, ese esp\u00edritu lo imprimimos en nuestros muebles, colchones y cocinas.<\/p>\n<p>[\/vc_column_text][\/vc_column][vc_column width=&#8221;7\/12&#8243;][vc_separator color=&#8221;custom&#8221; style=&#8221;double&#8221; border_width=&#8221;3&#8243; accent_color=&#8221;#af24a0&#8243;]<div class=\"ult-spacer spacer-69f0efb58dc3a\" data-id=\"69f0efb58dc3a\" data-height=\"\" data-height-mobile=\"\" data-height-tab=\"\" data-height-tab-portrait=\"\" data-height-mobile-landscape=\"\" style=\"clear:both;display:block;\"><\/div><div class=\"ult-spacer spacer-69f0efb58dc50\" data-id=\"69f0efb58dc50\" data-height=\"\" data-height-mobile=\"\" data-height-tab=\"\" data-height-tab-portrait=\"\" data-height-mobile-landscape=\"\" style=\"clear:both;display:block;\"><\/div>[vc_single_image image=&#8221;92&#8243; img_size=&#8221;full&#8221;]<div class=\"ult-spacer spacer-69f0efb58dc6c\" data-id=\"69f0efb58dc6c\" data-height=\"10\" data-height-mobile=\"10\" data-height-tab=\"10\" data-height-tab-portrait=\"\" data-height-mobile-landscape=\"\" style=\"clear:both;display:block;\"><\/div>[vc_separator color=&#8221;custom&#8221; style=&#8221;double&#8221; border_width=&#8221;3&#8243; accent_color=&#8221;#af24a0&#8243;][\/vc_column][\/vc_row][\/vc_section][vc_row][vc_column width=&#8221;5\/12&#8243;][vc_images_carousel images=&#8221;77,26,9&#8243; img_size=&#8221;full&#8221;][\/vc_column][vc_column width=&#8221;1\/12&#8243;][\/vc_column][vc_column width=&#8221;1\/2&#8243;]<div class=\"ult-spacer spacer-69f0efb58dc88\" data-id=\"69f0efb58dc88\" data-height=\"10\" data-height-mobile=\"10\" data-height-tab=\"10\" data-height-tab-portrait=\"\" data-height-mobile-landscape=\"\" style=\"clear:both;display:block;\"><\/div>[vc_column_text]<\/p>\n<p style=\"font-size: 18px; text-align: justify;\">Un mueble es un objeto m\u00f3vil que pretende brindar apoyo y comodidad a todos los miembros de la familia. Proporciona el escenario ideal para comer su comida diaria, ver su pel\u00edcula favorita, acostarse mientras escucha su m\u00fasica favorita y dormir mientras sue\u00f1a con algo fant\u00e1stico. Los muebles aumentan el valor de cualquier hogar al convertirlo en un lugar m\u00e1s agradable para vivir.<\/p>\n<p>[\/vc_column_text][\/vc_column][\/vc_row][vc_section full_width=&#8221;stretch_row_content&#8221; css=&#8221;.vc_custom_1680560249287{background-image: url(http:\/\/europaimportaciones.com.co\/wp-content\/uploads\/2023\/04\/spacejoy-vOa-PSimwg4-unsplash-scaled.jpg?id=95) !important;background-position: center !important;background-repeat: no-repeat !important;background-size: cover !important;}&#8221;][vc_row][vc_column width=&#8221;1\/2&#8243;][\/vc_column][vc_column width=&#8221;5\/12&#8243; css=&#8221;.vc_custom_1680560609560{background-color: rgba(232,232,232,0.83) !important;*background-color: rgb(232,232,232) !important;}&#8221;][vc_column_text]<\/p>\n<p style=\"font-size: 20px; text-align: justify;\">Nosotros somos el equipo humano que dise\u00f1a, crea, fabrica, decora los muebles que te acompa\u00f1ar\u00e1n a construir familia, sue\u00f1os y grandes proyectos, somos EUROPA IMPORTACIONES FLEX S.A.S.<\/p>\n<p>[\/vc_column_text][vc_single_image image=&#8221;96&#8243; img_size=&#8221;full&#8221;][\/vc_column][\/vc_row][\/vc_section]<\/p>\n<\/section>","protected":false},"excerpt":{"rendered":"<p>[vc_section][vc_row][vc_column width=&#8221;5\/12&#8243;][vc_single_image image=&#8221;5&#8243; img_size=&#8221;full&#8221;][vc_custom_heading text=&#8221;M\u00c1S QUE MUEBLES&#8221; font_container=&#8221;tag:h1|font_size:45|text_align:center|color:%23af24a0&#8243; google_fonts=&#8221;font_family:Andika%3Aregular|font_style:400%20regular%3A400%3Anormal&#8221;][vc_column_text] Somos un equipo de so\u00f1adores, que buscamos hacer de cada hogar un lugar m\u00e1s c\u00f3modo y hermoso. Entendemos que los muebles son el secreto para hacer de los espacios lugares de comodidad, paz, tranquilidad y belleza. Es por eso, que nos ocupamos de cada detalle, trabajamos [&hellip;]<\/p>\n","protected":false},"author":1,"featured_media":0,"parent":0,"menu_order":0,"comment_status":"closed","ping_status":"closed","template":"templates\/template_page-full-width.php","meta":{"footnotes":""},"jetpack_sharing_enabled":true,"_links":{"self":[{"href":"https:\/\/europaimportaciones.com.co\/index.php\/wp-json\/wp\/v2\/pages\/11"}],"collection":[{"href":"https:\/\/europaimportaciones.com.co\/index.php\/wp-json\/wp\/v2\/pages"}],"about":[{"href":"https:\/\/europaimportaciones.com.co\/index.php\/wp-json\/wp\/v2\/types\/page"}],"author":[{"embeddable":true,"href":"https:\/\/europaimportaciones.com.co\/index.php\/wp-json\/wp\/v2\/users\/1"}],"replies":[{"embeddable":true,"href":"https:\/\/europaimportaciones.com.co\/index.php\/wp-json\/wp\/v2\/comments?post=11"}],"version-history":[{"count":11,"href":"https:\/\/europaimportaciones.com.co\/index.php\/wp-json\/wp\/v2\/pages\/11\/revisions"}],"predecessor-version":[{"id":190,"href":"https:\/\/europaimportaciones.com.co\/index.php\/wp-json\/wp\/v2\/pages\/11\/revisions\/190"}],"wp:attachment":[{"href":"https:\/\/europaimportaciones.com.co\/index.php\/wp-json\/wp\/v2\/media?parent=11"}],"curies":[{"name":"wp","href":"https:\/\/api.w.org\/{rel}","templated":true}]}}